{"id":90,"date":"2012-06-06T12:18:53","date_gmt":"2012-06-06T12:18:53","guid":{"rendered":"https:\/\/eakk.ee\/?page_id=90"},"modified":"2013-06-16T11:55:50","modified_gmt":"2013-06-16T11:55:50","slug":"anglokatoliiklus","status":"publish","type":"page","link":"https:\/\/eakk.ee\/?page_id=90","title":{"rendered":"Anglokatoliiklus"},"content":{"rendered":"<p>Anglokatoliku Kirik on anglikaanne \u2013 me oleme kristlased, kellel on inglise liturgiline ja teoloogiline ning spirituaalne p\u00e4rand ning kujunemislooline tausts\u00fcsteem Inglise Kirikust. Anglokatoliku Kirik on katoliiklik v\u00f5i katoolne, sest ta aktsepteerib varakiriku \u00f5petust, mida on usutud \u201ek\u00f5ikjal, alati ja k\u00f5ikide poolt\u201c.<\/p>\n<p>Me peame aru saama, et olla katoliiklane ei t\u00e4henda olla automaatselt rooma-katoliiklane, kuigi neid termineid on tihti s\u00fcnon\u00fc\u00fcmidena n\u00e4htud. Ida Ortodokskirikud on ka Katoliku Kirikud, kuid nad ei ole osaduses paavstiga. Eesti keeleruumis on\u00a0vahet p\u00fc\u00fctud teha sellega, et on kasutatud terminit \u201ekatoliku\u201c rooma-katoliku t\u00e4henduses ja \u201ekatoolne\u201c \u00fcldises katoliku t\u00e4henduses, kuid ka see eristus ei anna alati soovitud tulemust ning l\u00f5plikku eristatust.<\/p>\n<p>16. saj toimunud Euroopa kontinentaalreformatsioonis heitsid reformaatorid k\u00f5rvale piiskoppide apostelliku suktsessiooni ja kujundasid preestriseisusest uue arusaama, koos sellega kaotati \u201evaliidne\u201c (e kehtiv) ordineeritud preesterkond. Aga inglise reformatsioonis j\u00e4i tiitel \u201epreester\u201c teadlikult kasutusele, sest selles oli v\u00e4ljendatud t\u00f5de ja intentsioon vaimuliku seisuse kohta. Kristus on t\u00e4iuslik preester. Kirik on Tema Ihu. Preesterliku Ihu osa ei saa olla midagi v\u00e4hemat kui preesterlik.<\/p>\n<p>Inglise Kirik s\u00e4ilitas piiskoppide, preestrite ja diakonite apostelliku teenistuse. Jumalateenistuse kord, kuigi t\u00f5lgituna inglise keelde ja mingis m\u00f5ttes reformeeritud, j\u00e4i ometi alles Kiriku ajaloolise jumalateenistuse \u00fchtsuses. Inglise reformatsiooni eesm\u00e4rk oli reformida kirikuelu praktikat ja tagasi p\u00f6\u00f6rduda iidse Jagamatu Kiriku Katoliku usu juurde.<\/p>\n<p>Henry VIII ajast peale on\u00a0anglikanismis alati olnud teoloogiliseks positsiooniks Inglise Kiriku katoliikliku (v\u00f5i katoolse) olemuse j\u00e4tkumise r\u00f5hutamine. Seda nii Richard Hooker\u2019i, peapiiskop William Laudi, George Herberti, Lancelot Andrews\u2019i ning oxfordliikumise kaudu, anglokatoliku kongresside korraldamise ning samuti John Henry Newman\u2019i, Edward Bouverie Pusey ja John Keble\u2019i ning John Mason Neale\u2019i tegevuse kaudu.<\/p>\n<p>Anglokatoliku Kirik aktsepteerib kirikuloo esimese tuhande aasta Jagamatu Kiriku \u00f5petusi. Nelip\u00fchap\u00e4evast peale, kui s\u00fcndis Kirik, kuni Suure kirikul\u00f5heni 1054, oli Kirik t\u00f5eliselt Katoliiklik: \u00fcks usus ja \u00f5petuses, kuigi olid erinevused selles, kuidas idakirikus ja l\u00e4\u00e4nekirikus jumalateenistusi peeti. Seega on Anglokatoliku Kirik oma olemuselt m\u00f5lemat: nii Inglise Katoliku Kirik kui ka L\u00e4\u00e4ne Ortodokskirik.<\/p>\n<p>Anglokatoliku Kirik on osa Issanda Jeesuse Kristuse \u00dchest, P\u00fchast, Katoliiklikust ja Apostellikust Kirikust, mis j\u00e4tkab ustavalt inglise katolitsismi traditsioone. Me praktiseerime ja hoiame k\u00f5rgel ajaloolist katoliiklikku usku koos apostelliku kirikukorraga, ortodokset jumalateenistust ja evangeelset tunnistust.<\/p>\n<p>Me usume \u00fchte t\u00f5elisesse ja igavesse Jumalasse P\u00fchas Kolmainsuses \u2013 Isas, Pojas ja P\u00fcha Vaimus &#8211; \u00fches olemuses Kolmes Isikus, kelle l\u00e4bi on k\u00f5ik, mis on olnud, on ja saab olema.<\/p>\n<p>Me usume, et Jeesus Kristus on unikaalne ja l\u00f5plik ilmutus Jumala Isikust ja eesm\u00e4rgist, kelles \u00fcksi on Jumala t\u00f5de ja arm ja ei ole mingit muud v\u00f5imalust, et v\u00e4ljaspool Kristust v\u00f5iks keegi saada p\u00e4\u00e4stetud.<\/p>\n<p>Me usume, et p\u00fchakiri \u2013 Uues ja Vanas Testamendis &#8211; on inspireeritud P\u00fcha Vaimu kaudu ja on autentne Jumala ilmutus ja esitab Jumala p\u00e4\u00e4stva S\u00f5na meile. Me usume Kiriku p\u00fcha traditsiooni, nagu see on meile antud iidsete katoliku piiskoppide ja Kiriku doktorite l\u00e4bi, nii nagu seda esitavad Jagamatu Kiriku seitse oikumeenilist kirikukogu. Me usume, et P\u00fcha Vaim annab elu ja inspireerib ning juhib Kirikut.<\/p>\n<p>Me usume seitset sakramenti, mis on v\u00e4lised m\u00e4rgid, n\u00e4htavad s\u00fcmbolid sisemisest vaimsest armust, Meie Issanda Jeesuse Kristuse kohalolekust ja tegutsemisest. P\u00fcha Emakiriku usu ja praktikaga koosk\u00f5las on sakramendid:<\/p>\n<p><strong>Ristimine<\/strong>, milles kuulutatakse pattude andekssaamist ja uut elu Kristuses ning Tema M\u00fcstilise Ihu \u2013 Kiriku \u2013 liikmekssaamist\u00a0ja see sakrament on vajalik \u00f5ndsakssaamiseks.<\/p>\n<p><strong>Konfirmatsioon<\/strong> kui \u201eP\u00fcha Vaimu pitser\u201c ristimise l\u00f5plikuks t\u00e4idesaatmiseks.<\/p>\n<p><strong>Missa<\/strong>, ohver, milles meie Issand Jeesus Kristus \u00fchendab meid Temaga Tema t\u00e4iuslikus Ohvris, mis \u00fckskord on sooritatud, et anda meile \u201epattudest vabanemine ning teised Tema kannatusest tulenevad annid\u201c, kusjuures Ta on t\u00f5eliselt kohal leiva ja veini kujul ning annab ennast meile Oma Ihus ja Veres, mis on meie jaoks taevane roog ja sellega Ta \u00fchendab meid Endaga ja k\u00f5ikide teistega Tema P\u00fchas Ihus \u2013 Kirikus.<\/p>\n<p><strong>P\u00fcha Abielu<\/strong> \u2013 mis on m\u00fcstiline \u00fchendus \u00fche mehe ja \u00fche naise vahel terve elu v\u00e4ltavaks p\u00fchendumuseks ja \u00fchtsuseks.<\/p>\n<p><strong>P\u00fcha Vaimulikuamet (Ordinatsioon),<\/strong> mis on p\u00fcha ja apostelliku vaimuliku teenistuse edasikandmine vastavalt Kristuse tahtele, mille Ta on Oma Kiriku valitsemiseks loonud evangeeliumi ja sakramentide edastamiseks. Kolm ordinatsiooniastet: piiskopid, preestrid ja diakonid on Kristuse poolt ametisse seatud\u00a0vaid meessoole\u00a0ning piiskopid omavad ainsana apostellikku meelevalda kui usklike \u00dclevaatajad ja p\u00fcha ordinatsiooni edasiandjad.<\/p>\n<p><strong>Patutunnistus (piht<\/strong>), milles usklikud on kutsutud p\u00f6\u00f6rdumisele oma elus, pattude tunnistamisele ja lepitusele Jumalaga ja mille kaudu on meid \u00fcles kutsutud andestama teistele inimestele.<\/p>\n<p><strong>P\u00fcha salvimine<\/strong>, kus Jumala tervendav ja lohutav v\u00e4gi saab eriliselt osaks usklikele, kes on haiged ihu, hinge v\u00f5i vaimu poolest.<\/p>\n<p>Me usume p\u00fchade osadusse, mis on k\u00f5ikide usklike \u00f5nnis kooslus, kuhu kuuluvad nii elavad kui ka juba lahkunud. Traditsiooniliselt on \u00dcle\u00fcldist Kirikut n\u00e4htud koosnevat Triumfeerivast Kirikust (need kristlased, kes on taevas) ja V\u00f5itlevast Kirikust (need kristlased, kes on praegu elavate seas) ja Puhkavast Kirikust (kristlastest, kes on surnud, kuid ei ole veel taevas).<\/p>\n<p>Me usume, et \u00d5nnistatud Neitsi Maaarja on Meie Issanda ja Jumala Jeesuse Kristuse Ema ja ta on v\u00e4ljapaistev \u00fcle teiste k\u00f5ikide usklike, kui esmavili nendest, kes on p\u00e4\u00e4stetud Kristuse l\u00e4bi.<\/p>\n<p>Taevas olevate p\u00fchade palved aitavad usklikke maa peal vastavalt P\u00fcha Johannese Ilmutusraamatule (5:8; 8:3-4 ja samuti 6:9-11). P\u00fchasid samas aga ei kummardata ega \u00fclistata \u2013 see kuulub ainult Jumalale, kuid p\u00fchade palved toetavad kristlasi maa peal, nii nagu kristlaste palved toetavad \u00fcksteist maa peal.<\/p>\n<p>Me usume elu p\u00fchadusse, et elu algab eostumise hetkest ja et tahtlik elu h\u00e4vitamine ema\u00fcsas abordi kaudu on v\u00e4ga t\u00f5sine patt.<\/p>\n<p>Me usume, et tahtlik, kavatsuslik ja otsene igasuguse s\u00fc\u00fctu elu v\u00f5tmine on m\u00f5rv, \u00fcksk\u00f5ik kas seda nimetatakse siis \u201eeutanaasiaks\u201c, \u201ehalastustapmiseks\u201c v\u00f5i \u201ekaasaaidatud enesetapuks\u201c.<\/p>\n<p>Me usume, et k\u00f5ik inimesed ilmuvad Meie Issanda Jeesuse Kristuse ette, kes on l\u00f5plik k\u00f5ikide Kohtum\u00f5istja ja Valitseja ja kogu inimkond saab oma usu ja tegude j\u00e4rgi \u00f5iglase palga.<\/p>\n","protected":false},"excerpt":{"rendered":"<p>Anglokatoliku Kirik on anglikaanne \u2013 me oleme kristlased, kellel on inglise liturgiline ja teoloogiline ning spirituaalne p\u00e4rand ning kujunemislooline tausts\u00fcsteem Inglise Kirikust. Anglokatoliku Kirik on katoliiklik v\u00f5i katoolne, sest ta aktsepteerib varakiriku \u00f5petust, mida on usutud \u201ek\u00f5ikjal, alati ja k\u00f5ikide &hellip; <a href=\"https:\/\/eakk.ee\/?page_id=90\">J\u00e4tka lugemist <span class=\"meta-nav\">&rarr;<\/span><\/a><\/p>\n","protected":false},"author":1,"featured_media":0,"parent":331,"menu_order":0,"comment_status":"open","ping_status":"open","template":"","meta":{"_exactmetrics_skip_tracking":false,"_exactmetrics_sitenote_active":false,"_exactmetrics_sitenote_note":"","_exactmetrics_sitenote_category":0,"footnotes":""},"class_list":["post-90","page","type-page","status-publish","hentry"],"_links":{"self":[{"href":"https:\/\/eakk.ee\/index.php?rest_route=\/wp\/v2\/pages\/90","targetHints":{"allow":["GET"]}}],"collection":[{"href":"https:\/\/eakk.ee\/index.php?rest_route=\/wp\/v2\/pages"}],"about":[{"href":"https:\/\/eakk.ee\/index.php?rest_route=\/wp\/v2\/types\/page"}],"author":[{"embeddable":true,"href":"https:\/\/eakk.ee\/index.php?rest_route=\/wp\/v2\/users\/1"}],"replies":[{"embeddable":true,"href":"https:\/\/eakk.ee\/index.php?rest_route=%2Fwp%2Fv2%2Fcomments&post=90"}],"version-history":[{"count":5,"href":"https:\/\/eakk.ee\/index.php?rest_route=\/wp\/v2\/pages\/90\/revisions"}],"predecessor-version":[{"id":1056,"href":"https:\/\/eakk.ee\/index.php?rest_route=\/wp\/v2\/pages\/90\/revisions\/1056"}],"up":[{"embeddable":true,"href":"https:\/\/eakk.ee\/index.php?rest_route=\/wp\/v2\/pages\/331"}],"wp:attachment":[{"href":"https:\/\/eakk.ee\/index.php?rest_route=%2Fwp%2Fv2%2Fmedia&parent=90"}],"curies":[{"name":"wp","href":"https:\/\/api.w.org\/{rel}","templated":true}]}}