{"id":75,"date":"2012-06-04T19:52:46","date_gmt":"2012-06-04T19:52:46","guid":{"rendered":"https:\/\/eakk.ee\/?page_id=75"},"modified":"2026-03-07T17:24:37","modified_gmt":"2026-03-07T17:24:37","slug":"kontakt","status":"publish","type":"page","link":"https:\/\/eakk.ee\/?page_id=75","title":{"rendered":"Kontakt"},"content":{"rendered":"<p><strong>Kontaktid<\/strong><\/p>\n<p><strong>Anglokatoliku Kiriku P\u00fchima Neitsi Maarja Jumalaema peapiiskopkonna peapiiskop dr Raivo Kodanik, DD<\/strong><\/p>\n<p>Peapiiskop dr Raivo Kodanik<br \/>\nR\u00f5\u00f5mum\u00e4e talu,Kukevere k\u00fcla, J\u00e4rva vald, Estonia, 73512<br \/>\ntel +372 56 229789<br \/>\ne-post: isaraivo[\u00e4t]eakk.ee<\/p>\n<hr \/>\n<p><strong>ANGLOKATOLIKU KIRIKU P\u00dcHIMA NEITSI MAARJA JUMALAEMA PEAPIISKOPKONNA TALLINNA P\u00dcHA KOLMAINSUSE KOGUDUS<\/strong><\/p>\n<p>Missa igal p\u00fchap\u00e4eval kell 12.00 Tallinnas P\u00fcha Katariina kiriku kabelis,<br \/>\nM\u00fc\u00fcrivahe 33.<br \/>\n<a href=\"https:\/\/www.google.ee\/maps\/place\/M%C3%BC%C3%BCrivahe+33,+10140+Tallinn\/@59.4378294,24.7471398,17z\/data=!3m1!4b1!4m2!3m1!1s0x4692936183721b53:0x383d4cdaabfd4b39?hl=et\" target=\"_blank\" rel=\"noopener\">Vaata asukohta kaardilt<\/a><\/p>\n<p>TERE TULEMAST!<\/p>\n<p>Arveldusarve SEB Pangas:<br \/>\nAnglokatoliku Kirik (AKK)<br \/>\na\/a EE951010220210365224<\/p>\n","protected":false},"excerpt":{"rendered":"<p>Kontaktid Anglokatoliku Kiriku P\u00fchima Neitsi Maarja Jumalaema peapiiskopkonna peapiiskop dr Raivo Kodanik, DD Peapiiskop dr Raivo Kodanik R\u00f5\u00f5mum\u00e4e talu,Kukevere k\u00fcla, J\u00e4rva vald, Estonia, 73512 tel +372 56 229789 e-post: isaraivo[\u00e4t]eakk.ee ANGLOKATOLIKU KIRIKU P\u00dcHIMA NEITSI MAARJA JUMALAEMA PEAPIISKOPKONNA TALLINNA P\u00dcHA KOLMAINSUSE &hellip; <a href=\"https:\/\/eakk.ee\/?page_id=75\">J\u00e4tka lugemist <span class=\"meta-nav\">&rarr;<\/span><\/a><\/p>\n","protected":false},"author":1,"featured_media":0,"parent":0,"menu_order":3,"comment_status":"open","ping_status":"open","template":"","meta":{"_exactmetrics_skip_tracking":false,"_exactmetrics_sitenote_active":false,"_exactmetrics_sitenote_note":"","_exactmetrics_sitenote_category":0,"footnotes":""},"class_list":["post-75","page","type-page","status-publish","hentry"],"_links":{"self":[{"href":"https:\/\/eakk.ee\/index.php?rest_route=\/wp\/v2\/pages\/75","targetHints":{"allow":["GET"]}}],"collection":[{"href":"https:\/\/eakk.ee\/index.php?rest_route=\/wp\/v2\/pages"}],"about":[{"href":"https:\/\/eakk.ee\/index.php?rest_route=\/wp\/v2\/types\/page"}],"author":[{"embeddable":true,"href":"https:\/\/eakk.ee\/index.php?rest_route=\/wp\/v2\/users\/1"}],"replies":[{"embeddable":true,"href":"https:\/\/eakk.ee\/index.php?rest_route=%2Fwp%2Fv2%2Fcomments&post=75"}],"version-history":[{"count":5,"href":"https:\/\/eakk.ee\/index.php?rest_route=\/wp\/v2\/pages\/75\/revisions"}],"predecessor-version":[{"id":10025,"href":"https:\/\/eakk.ee\/index.php?rest_route=\/wp\/v2\/pages\/75\/revisions\/10025"}],"wp:attachment":[{"href":"https:\/\/eakk.ee\/index.php?rest_route=%2Fwp%2Fv2%2Fmedia&parent=75"}],"curies":[{"name":"wp","href":"https:\/\/api.w.org\/{rel}","templated":true}]}}