{"id":7373,"date":"2023-12-19T17:17:41","date_gmt":"2023-12-19T17:17:41","guid":{"rendered":"https:\/\/eakk.ee\/?page_id=7373"},"modified":"2024-12-21T06:46:50","modified_gmt":"2024-12-21T06:46:50","slug":"ember-days-minipaastu-paevad","status":"publish","type":"page","link":"https:\/\/eakk.ee\/?page_id=7373","title":{"rendered":"Ember Days, \u201cminipaastu p\u00e4evad&#8221;"},"content":{"rendered":"\n<p>Ma ei tea, kuidas teil on, aga kui ma esimest korda &#8220;Ember Days&#8221;-ist kuulsin,<br>ei osanud ma suurt millestki aru saada. S\u00fcte p\u00e4evad &#8211; oleks vist maakeelne<br>t\u00f5lge. V\u00e4heke lugemist selle kohta ja on veidi endalegi selgemaks saanud,<br>teistpidi j\u00e4lle keerulisemaks l\u00e4inud. Igal juhul on tegu Roomakatoliku Kiriku,<br>Episkopaalse Kiriku ja Anglikaani Kiriku traditsiooniliste paastu ja palve<br>p\u00e4evadega. Ortodoksetes kirikutes on need p\u00e4evad tundmatud.<br>S\u00f5na &#8220;Ember&#8221; p\u00e4rineb tegelikult ladinakeelsest fraasist Quatuor Tempora,<br>mis t\u00e4hendab neli korda. Miks neid kutsutakse \u201cEmber p\u00e4evadeks\u201d?<br>S\u00f5nadel pole s\u00fcte ega tuhaga mingit pistmist (Kuigi inglise keelest t\u00f5lkides<br>v\u00f5iks nii arvata). See v\u00f5ib samuti p\u00e4rineda anglosaksi s\u00f5nast ymbren, ring v\u00f5i<br>\u00fcmberp\u00f6\u00f6re; v\u00f5i see v\u00f5ib olla quatuor tempora l\u00fchend; sest hollandi keeles<br>on &#8220;Quatertemper&#8221;, saksa keeles &#8220;Quatember&#8221; ja taani keeles &#8220;Kvatember&#8221;,<br>mist\u00f5ttu \u00fcleminekut Ember Days&#8217;ile on lihtne tuletada ja seet\u00f5ttu mina seda<br>meie keelde \u00fcmber ei t\u00f5lgiks, ka k\u00e4esolevas kirjat\u00f6\u00f6s kasutan erinevaid v\u00f5imalusi.<br><br>On andmeid, et mainitavad paastu ja palve p\u00e4evad p\u00e4rinevad traditsiooniliselt<br>paavst Callistus I aegadest (umbes aastast 220) ja olid Roomas kindlasti v\u00e4lja <br>kujunenud paavst Leo (440\u201361) ajal, kes pidas rea selleteemalisi jutluseid. <br>(Oxford Dictionary of the Christian Churchile on Ember Days alusel)<br>Vana-Itaalias seostati neid aegu (algselt kolme) k\u00fclvi, saagikoristuse ja<br>aastavahetusega, mille ajal palvetati, paastuti ja jagati almust. Hiljem<br>muutusid neli palve ja paastuaega ordinatsiooniks ettevalmistamise ajaks,<br>mille v\u00e4ltel kristlik Kirik palvetas ning vaimuliku kandidaadid valmistusid palve ja<br>retriidiga. BCP m\u00e4\u00e4rab selle t\u00e4htp\u00e4eva jaoks \u00f5iged palved ja lugemised<br>pealkirjaga &#8220;Kirikut\u00f6\u00f6 jaoks (Ember`i p\u00e4evad), sealhulgas erisused<br>&#8220;P\u00fchitsetavatele&#8221;, &#8220;Teenistusse sobivate inimeste valimiseks&#8221; ja<br>&#8220;K\u00f5igile kristlastele nende kutsumus\u201d (BCP, lk 256\u2013257, 929).<br>Nagu m\u00e4rgitakse 2019. aasta ACNA BCP-s: &#8220;Ember Days&#8221; on ette n\u00e4htud palveteks nende<br>eest, kes on kutsutud Kiriku t\u00f6\u00f6le v\u00f5i ordudesse, ja need peetakse kolmap\u00e4eviti,<br>reedeti ja laup\u00e4eviti:<\/p>\n\n\n\n<p>P\u00e4rast p\u00fcha Lucia p\u00e4eva (13. detsember)<br>P\u00e4rast Suure Paastu esimest p\u00fchap\u00e4eva<br>Peale Nelip\u00fchip\u00e4eva<br>P\u00e4rast P\u00fcha Risti p\u00e4eva (14. september)<br>See t\u00e4hendab, et Ember Days`i perioode on neli, \u00fcks iga aastaaja jaoks \u2013<br>talve, kevade, suve ja s\u00fcgise.<\/p>\n\n\n\n<p>Emberi p\u00e4evad on suurep\u00e4rane aeg k\u00f5ikidele kristlastele palvetada k\u00f5igi<br>piiskoppide, preestrite ja diakonite eest, kuna varem p\u00fchitseti preestriks<br>ja diakoniks laup\u00e4evastel Ember Day p\u00e4evadel.<\/p>\n\n\n\n<p>Emberi p\u00e4evad liturgias<br>Vanem Missaal sisaldab spetsiaalseid missapalveid ja -lugemisi iga aastaste Ember<br>Days`i p\u00e4evade kohta. Breviary m\u00e4\u00e4rab nendele p\u00e4evadele ka konkreetsed palved.<br>Traditsiooniliselt on igale n\u00e4dalap\u00e4evale kujunenud oma kindel keskendumine.<br>Kolmap\u00e4ev oli traditsiooniliselt p\u00fchendatud Jumalaemale ning teda j\u00e4ljendades<br>oli see j\u00e4relem\u00f5tlemise ja vaimse orienteerumise p\u00e4ev.<br>Reede meenutab Kristuse armastust ja surma ning r\u00f5hutab p\u00f6\u00f6rdumist ja patukahetsust.<br>Laup\u00e4ev on \u00fclest\u00f5usmisp\u00fchade eelvaade ja see t\u00e4histab meie ristimislepingu uuendamist.<\/p>\n\n\n\n<p>Neid p\u00e4evi iseloomustavad palve, paastumine ja karskus ning r\u00f5hutatakse vaimset uuenemist.<br>Need olid paastumise ja karskuse p\u00e4evad, mis lubasid \u00fchte t\u00e4iss\u00f6\u00f6gikorda,<br>kusjuures peamisel s\u00f6\u00f6gikorral oli ainult taimetoit, v\u00e4lja arvatud reedeti, mil<br>n\u00f5uti t\u00e4ielikku karskust. 1983. aastal v\u00e4lja antud kanooniline \u00f5igus ei n\u00f5ua<br>enam Kiriku ilmikliikmetelt paastu ja karskuse reeglite j\u00e4rgimist Ember Days`idel.<br>Alates 1969. aastast ei ole neid p\u00e4evi isegi Roomakatoliku Kiriku \u00fcldkalendris.<\/p>\n\n\n\n<p>Bernard Strasseri raamat &#8220;Aastaring Kristusega&#8221; j\u00e4\u00e4dvustab need eraldiseisvad<br>hooajalised teemad.<br>Seal tuuakse meie ette, kuidas Emberi p\u00e4evad meenutavad meie enda elu.<br>Kevadel saame \u00fcleloomuliku elu ristimise kaudu (mida kujutab ristimisk\u00fc\u00fcnal ) ;<br>kogu meie elu suve ja s\u00fcgise toidab meie hingi meie Issanda ihu (oblaadid  on<br>valmistatud nisu teradest) ja veri (viinamarjadest). Talvel l\u00f5ikame oma headest<br>tegudest saaki, alustades oma teekonda igavikku, olles saadetud P\u00fcha Viaticumi<br>ja \u00fclima unetuse ( \u00f5li ) sakramendiga.<br>Nende missade ohverdusrongk\u00e4igul ohverdasid usklikud k\u00fcmnist saagist,<br>mida kasutati missal (leiva ja veini n\u00e4ol), samuti kiriku ja vaeste toetuseks.<\/p>\n\n\n\n<p>Kaasaegne inimene on sageli loodusest \u00e4ra l\u00f5igatud; ta elab maailmas, mis on taandatud<br>asfaldi, betooni ja igasuguste ekraanide universumiks. Ta on v\u00e4lja m\u00f5eldud maailma,<br>virtuaalmaailma vang, omaenda fantaasiate projektsioon, selle asemel, et olla kontaktis<br>loominguga. Selle tulemusena on ta m\u00f5nikord \u00e4ra l\u00f5igatud Jumalast \u2013 ja iseendast<br>(Jacques Philippe, Thirsting for Prayer, lk 74\u201375).<\/p>\n\n\n\n<p>Nende \u201cminipaastu p\u00e4evade\u201d eesm\u00e4rk on palvetada, paastuda ja t\u00e4nada Jumalat heade<br>andide eest, mida Ta meile looduse kaudu annab. Nad j\u00e4rgivad nelja aastaaega iga<br>konkreetse aastaaja ilu ja ainulaadsusega. Need on meie jaoks selleks, et \u00f5petada<br>meid m\u00f5\u00f5dukalt kasutama seda, mida Jumal meile looduse kaudu annab, ja jagama<br>neid kingitusi ka vaestega. ( Steve Skojec j\u00e4rgi)<\/p>\n\n\n\n<p>Ember Days programm t\u00e4nap\u00e4evasele inimesele:<\/p>\n\n\n\n<p>keskendumine Jumala t\u00e4namisele;<br>anda ande vaestele,<br>tuua esile \u00fcht paastumise eesm\u00e4rki ja eriti palvetades preestrite p\u00e4rast.<\/p>\n\n\n\n<p>Kuigi see tava pole enam laialdaselt j\u00e4rgitud, v\u00f5ib seda t\u00e4nap\u00e4eval ikkagi praktiliselt<br>rakendada. Siin on m\u00f5ned v\u00f5imalikud viisid, kuidas kohandada Ember Days&#8217;i t\u00e4nap\u00e4evasele<br>elustiilile:<\/p>\n\n\n\n<p>T\u00e4nap\u00e4evane paastumine: V\u00f5ite kaaluda teatud toitudest v\u00f5i mugavustest loobumist neil<br>p\u00e4evadel. See v\u00f5ib olla digi paast, n\u00e4iteks v\u00e4hendades sotsiaalmeedia kasutamist v\u00f5i ekraaniaega.<\/p>\n\n\n\n<p>Meditatsioon ja palve: Kasutage neid p\u00e4evi aja v\u00f5tmiseks enda vaimse tervise jaoks.<br>Mediteerimine ja palvetamine on kaasaegse inimese jaoks \u00fclimalt kasulik, aidates<br>keskenduda Jumala kingitustele meie elus ja leida sisemist rahu.<\/p>\n\n\n\n<p>T\u00e4nu v\u00e4ljendamine: Ember Days&#8217;i p\u00e4evad on ka suurep\u00e4rane aeg t\u00e4nulikkuse v\u00e4ljendamiseks.<br>V\u00f5ite m\u00f5elda l\u00e4bi asjad, mille \u00fcle olete t\u00e4nulikud, ning jagada seda l\u00e4hedaste v\u00f5i kogudusega.<\/p>\n\n\n\n<p>Teiste abistamine: V\u00f5ite kasutada neid p\u00e4evi selleks, et aidata teisi v\u00f5i panustada<br>heategevusse. Vabatahtlikuna t\u00f6\u00f6tamine v\u00f5i annetamine v\u00f5ib olla suurep\u00e4rane viis oma<br>aega ja oskusi\/vahendeid jagada.<\/p>\n\n\n\n<p>Collecta palve<br>Jumal, Sa juhtisid oma p\u00fchad apostlid igas paigas vaimulikke ametisse seadma: palun anna,<br>et Sinu Kirik v\u00f5iks P\u00fcha Vaimu juhatusel valida sobivad isikud s\u00f5na- ja sakramenditeenistuseks<br>ning toeta neid Sinu kuningriigit\u00f6\u00f6s; meie hinge suure Karjase ja Piiskopi,<br>meie Issanda Jeesuse Kristuse l\u00e4bi, Kes elab ja valitseb koos Sinu ja P\u00fcha Vaimuga,<br>\u00fche Jumalana, igavesest ajast igavesti. Aamen.<\/p>\n\n\n\n<p>Lugemised<br>Ember`i p\u00e4evad I<br>4Ms 11:16-17, 24-29<br>Ps 99<br>1Kr 3:5-11<br>Jh 4:31-38<\/p>\n\n\n\n<p>Ember`i p\u00e4evad II<br>1Sam 3:1-10<br>Ps 63:1-8<br>Ef 4:11-16<br>Mt 9:35-38<\/p>\n\n\n\n<p>Kasutatud on kirjandust j\u00e4rgmistelt autoritelt:<br>Jennifer Gregory Miller<br>Steve Skojec<br>Jacques Philippe<br>Oxford Dictionary<br>Ja avalikud internetiallikad<\/p>\n","protected":false},"excerpt":{"rendered":"<p>Ma ei tea, kuidas teil on, aga kui ma esimest korda &#8220;Ember Days&#8221;-ist kuulsin,ei osanud ma suurt millestki aru saada. S\u00fcte p\u00e4evad &#8211; oleks vist maakeelnet\u00f5lge. V\u00e4heke lugemist selle kohta ja on veidi endalegi selgemaks saanud,teistpidi j\u00e4lle keerulisemaks l\u00e4inud. Igal &hellip; <a href=\"https:\/\/eakk.ee\/?page_id=7373\">J\u00e4tka lugemist <span class=\"meta-nav\">&rarr;<\/span><\/a><\/p>\n","protected":false},"author":3,"featured_media":0,"parent":331,"menu_order":0,"comment_status":"closed","ping_status":"closed","template":"","meta":{"_exactmetrics_skip_tracking":false,"_exactmetrics_sitenote_active":false,"_exactmetrics_sitenote_note":"","_exactmetrics_sitenote_category":0,"footnotes":""},"class_list":["post-7373","page","type-page","status-publish","hentry"],"_links":{"self":[{"href":"https:\/\/eakk.ee\/index.php?rest_route=\/wp\/v2\/pages\/7373","targetHints":{"allow":["GET"]}}],"collection":[{"href":"https:\/\/eakk.ee\/index.php?rest_route=\/wp\/v2\/pages"}],"about":[{"href":"https:\/\/eakk.ee\/index.php?rest_route=\/wp\/v2\/types\/page"}],"author":[{"embeddable":true,"href":"https:\/\/eakk.ee\/index.php?rest_route=\/wp\/v2\/users\/3"}],"replies":[{"embeddable":true,"href":"https:\/\/eakk.ee\/index.php?rest_route=%2Fwp%2Fv2%2Fcomments&post=7373"}],"version-history":[{"count":4,"href":"https:\/\/eakk.ee\/index.php?rest_route=\/wp\/v2\/pages\/7373\/revisions"}],"predecessor-version":[{"id":8479,"href":"https:\/\/eakk.ee\/index.php?rest_route=\/wp\/v2\/pages\/7373\/revisions\/8479"}],"up":[{"embeddable":true,"href":"https:\/\/eakk.ee\/index.php?rest_route=\/wp\/v2\/pages\/331"}],"wp:attachment":[{"href":"https:\/\/eakk.ee\/index.php?rest_route=%2Fwp%2Fv2%2Fmedia&parent=7373"}],"curies":[{"name":"wp","href":"https:\/\/api.w.org\/{rel}","templated":true}]}}