{"id":4386,"date":"2018-05-05T12:38:19","date_gmt":"2018-05-05T12:38:19","guid":{"rendered":"https:\/\/eakk.ee\/?page_id=4386"},"modified":"2018-05-05T12:38:19","modified_gmt":"2018-05-05T12:38:19","slug":"piiskop-dr-raivo-kodaniku-jutlus-29-04-2018","status":"publish","type":"page","link":"https:\/\/eakk.ee\/?page_id=4386","title":{"rendered":"Piiskop dr Raivo Kodaniku jutlus 29.04.2018"},"content":{"rendered":"<p>Evangeelium p\u00fcha Johannese j\u00e4rgi:<br \/>\n<em>Jeesus \u00fctles oma j\u00fcngritele:\u201e Mina olen t\u00f5eline viinapuu ja minu Isa on viinam\u00e4e<\/em><br \/>\n<em>aednik. Iga oksa minu k\u00fcljes, mis ei kanna vilja, ta l\u00f5ikab \u00e4ra, ja iga\u00fcht, mis<\/em><br \/>\n<em>kannab vilja, ta puhastab, et see kannaks vilja veel rohkem. Teie olete juba<\/em><br \/>\n<em>puhtad selle s\u00f5na p\u00e4rast, mida mina teile olen r\u00e4\u00e4kinud. J\u00e4\u00e4ge minusse ja mina<\/em><br \/>\n<em>j\u00e4\u00e4n teisse. Nagu oks ei v\u00f5i kanda vilja iseenesest, kui ta ei j\u00e4\u00e4 viinapuu<\/em><br \/>\n<em>k\u00fclge, niisamuti ka teie, kui te ei j\u00e4\u00e4 minusse.<\/em><br \/>\n<em>Mina olen viinapuu, teie olete oksad; kes j\u00e4\u00e4b minusse ja mina temasse, see<\/em><br \/>\n<em>kannab palju vilja, sest ilma minuta ei suuda te midagi teha. See, kes minusse<\/em><br \/>\n<em>ei j\u00e4\u00e4, visatakse minema nagu viinapuu oks, ja see kuivab \u00e4ra. Ja nad kogutakse<\/em><br \/>\n<em>kokku ja heidetakse tulle ning p\u00f5letatakse \u00e4ra. Kui te aga j\u00e4\u00e4te minusse ja minu<\/em><br \/>\n<em>s\u00f5nad j\u00e4\u00e4vad teisse, siis paluge, mida te ainult tahate, ja see s\u00fcnnib teile!<\/em><br \/>\n<em>Selles on minu Isa austatud, et te kannate palju vilja ja olete minu j\u00fcngrid.<\/em>&#8221;<br \/>\nSee on p\u00fcha evangeelium. \u00dclistus olgu Sulle, Issand Jeesus Kristus!<\/p>\n<p>Meie m\u00f5tted ja soovid on t\u00e4is elu ja energiat. Nende soovide t\u00e4itumine<br \/>\nv\u00f5ib vahel olla meie jaoks \u00fclioluline. Selleks, et soovist kasvaks elu on<br \/>\nvajalik soovid ja m\u00f5tted s\u00f5nastada, sorteerida ja seada t\u00e4htsuse j\u00e4rjekorda.<br \/>\nEndagi \u00fcllatusesks avastame, et meie juurde tulevad m\u00f5tted ja soovid on<br \/>\nnagu pinnakate varjamaks s\u00fcgavamaid igatsusi. Usulises m\u00f5ttes, olles<br \/>\ntunnistanud Jumala ja enda v\u00e4\u00e4rtust, r\u00e4\u00e4gin siin s\u00fcdamep\u00f5hjast tulevast<br \/>\npalvest. Me tunneme vajadust nii kasvamiseks Kristuses kui ka tarvidust<br \/>\njuurdumiseks &#8220;Kui te aga j\u00e4\u00e4te minusse ja minu s\u00f5nad j\u00e4\u00e4vad teisse.&#8221;<br \/>\nJeesuse lubadus: &#8220;siis paluge, mida te ainult tahate, ja see s\u00fcnnib teile!&#8221;<br \/>\non tingimuslik. Jeeuse lubadus saab teoks siis kui Tema j\u00e4rgijad on<br \/>\n\u00f5ppinud tundma Jeesuse meelt ja s\u00fcdant. Nagu Jeesuse nimel tehtavad<br \/>\npalved peaksid v\u00e4ljendama Jeesuse s\u00fcdamesoovi, kes omakorda<br \/>\nsoovis elada t\u00f5eks ainult neid unistusi ja lootusi mis olid tema taevase Isa<br \/>\nomad. Seega Jeesus ja Isa ja P\u00fcha Vaim koos vagade ja p\u00fchadega<br \/>\nsaavad olla kantud ja hoitud \u00fches armastuse soovis, mis kasvab ja<br \/>\nkannab palju vilja. Jeesuse s\u00f5num tundub olevat suunatud kogu Kirikule,<br \/>\nTema kogukonnale. Kuid p\u00e4ris nii see pole, keskendudes p\u00fcha Kolmainu<br \/>\ntegevusele, n\u00e4eme \u00fchtse osaduse ideed igas kristlases. Jeesus \u00fctles oma j\u00fcngritele:<br \/>\n\u201e Mina olen t\u00f5eline viinapuu ja minu Isa on viinam\u00e4e aednik. Iga oksa minu<br \/>\nk\u00fcljes, mis ei kanna vilja, ta l\u00f5ikab \u00e4ra, ja iga\u00fcht, mis<br \/>\nkannab vilja, ta puhastab, et see kannaks vilja veel rohkem.&#8221;<br \/>\nSelles lauses on kaks s\u00fcgavat m\u00f5tet. \u00c4ra l\u00f5ikamine ja puhastamine.<br \/>\nMe ei saa s\u00fc\u00fcdistada armastavat Jumalat valu ja ebamugavuse p\u00f5hjustamise eest.<br \/>\nKuid me peame aru saama ka seda, et Jumal ei pea meid tingimusteta<br \/>\nkaitsma meie patuse k\u00e4itumise poolt p\u00f5hjustatud valu eest.<br \/>\nVeelgi enam, ebamugavus on meie k\u00f5ige parem kasvataja. Sellises<br \/>\nolukorras on Jumal kohal kui allikas, mis annab kasvule j\u00f5udu ja v\u00f5imaldab<br \/>\nlahti lasta neist asjuist, mis ei vii igavesse ellu.<br \/>\nT\u00e4nane evangeelium tuletab meile meelde et Jeesuse armastus oma Isa vastu<br \/>\noli tingimusteta n\u00f5nda nagu Isa armastus Tema vastu. Seet\u00f5ttu ei saa me<br \/>\nt\u00e4nasest evangeeliumist v\u00e4lja lugeda, et Tema armastus s\u00f5ltub sellest kas<br \/>\ninimesed peavad kinni Tema \u00f5petusest, sest Tema t\u00e4ielik arm on juba v\u00e4lja<br \/>\npakutud k\u00f5igile kes Teda taga n\u00f5uavad.. Jeesuse \u00f5petusest kinni pidamine<br \/>\non meie jaoks parim viis elada t\u00f5eks enda armastust Jumala ja ligimese vastu.<br \/>\nProbleemiks on pigem inimese vastus Jumala armastusele: Jumala lapsed<br \/>\nsaavad otsustada armastusse mittej\u00e4\u00e4mise, kui nad ei taha armastada teisi<br \/>\ninimesi ja seel\u00e4bi lahutavad nad ise end Jumala armastusest.<br \/>\nArmas Jumal, kes Sa meie eest oma ainus\u00fcndinud poja andsid, palun anna meile<br \/>\nr\u00f5\u00f5mu kasvada ja juurduda Sinu Kirikus. Aamen.<\/p>\n","protected":false},"excerpt":{"rendered":"<p>Evangeelium p\u00fcha Johannese j\u00e4rgi: Jeesus \u00fctles oma j\u00fcngritele:\u201e Mina olen t\u00f5eline viinapuu ja minu Isa on viinam\u00e4e aednik. Iga oksa minu k\u00fcljes, mis ei kanna vilja, ta l\u00f5ikab \u00e4ra, ja iga\u00fcht, mis kannab vilja, ta puhastab, et see kannaks vilja &hellip; <a href=\"https:\/\/eakk.ee\/?page_id=4386\">J\u00e4tka lugemist <span class=\"meta-nav\">&rarr;<\/span><\/a><\/p>\n","protected":false},"author":1,"featured_media":0,"parent":309,"menu_order":0,"comment_status":"closed","ping_status":"closed","template":"","meta":{"_exactmetrics_skip_tracking":false,"_exactmetrics_sitenote_active":false,"_exactmetrics_sitenote_note":"","_exactmetrics_sitenote_category":0,"footnotes":""},"class_list":["post-4386","page","type-page","status-publish","hentry"],"_links":{"self":[{"href":"https:\/\/eakk.ee\/index.php?rest_route=\/wp\/v2\/pages\/4386","targetHints":{"allow":["GET"]}}],"collection":[{"href":"https:\/\/eakk.ee\/index.php?rest_route=\/wp\/v2\/pages"}],"about":[{"href":"https:\/\/eakk.ee\/index.php?rest_route=\/wp\/v2\/types\/page"}],"author":[{"embeddable":true,"href":"https:\/\/eakk.ee\/index.php?rest_route=\/wp\/v2\/users\/1"}],"replies":[{"embeddable":true,"href":"https:\/\/eakk.ee\/index.php?rest_route=%2Fwp%2Fv2%2Fcomments&post=4386"}],"version-history":[{"count":1,"href":"https:\/\/eakk.ee\/index.php?rest_route=\/wp\/v2\/pages\/4386\/revisions"}],"predecessor-version":[{"id":4387,"href":"https:\/\/eakk.ee\/index.php?rest_route=\/wp\/v2\/pages\/4386\/revisions\/4387"}],"up":[{"embeddable":true,"href":"https:\/\/eakk.ee\/index.php?rest_route=\/wp\/v2\/pages\/309"}],"wp:attachment":[{"href":"https:\/\/eakk.ee\/index.php?rest_route=%2Fwp%2Fv2%2Fmedia&parent=4386"}],"curies":[{"name":"wp","href":"https:\/\/api.w.org\/{rel}","templated":true}]}}