{"id":400,"date":"2012-07-27T09:49:13","date_gmt":"2012-07-27T09:49:13","guid":{"rendered":"https:\/\/eakk.ee\/?page_id=400"},"modified":"2026-03-07T17:18:30","modified_gmt":"2026-03-07T17:18:30","slug":"missad","status":"publish","type":"page","link":"https:\/\/eakk.ee\/?page_id=400","title":{"rendered":"Missad"},"content":{"rendered":"<p><strong>ANGLOKATOLIKU KIRIKU P\u00dcHIMA NEITSI MAARJA JUMALAEMA PEAPIISKOPKONNA TALLINNA P\u00dcHA KOLMAINSUSE KOGUDUS<\/strong><\/p>\n<p>Missa igal p\u00fchap\u00e4eval kell 12.00 Tallinnas P\u00fcha Katariina kiriku kabelis,<br \/>\nM\u00fc\u00fcrivahe 33.<br \/>\n<a href=\"https:\/\/www.google.ee\/maps\/place\/M%C3%BC%C3%BCrivahe+33,+10140+Tallinn\/@59.4378294,24.7471398,17z\/data=!3m1!4b1!4m2!3m1!1s0x4692936183721b53:0x383d4cdaabfd4b39?hl=et\" target=\"_blank\" rel=\"noopener\">Vaata asukohta kaardilt<\/a>.<\/p>\n<p>TERE TULEMAST!<\/p>\n","protected":false},"excerpt":{"rendered":"<p>ANGLOKATOLIKU KIRIKU P\u00dcHIMA NEITSI MAARJA JUMALAEMA PEAPIISKOPKONNA TALLINNA P\u00dcHA KOLMAINSUSE KOGUDUS Missa igal p\u00fchap\u00e4eval kell 12.00 Tallinnas P\u00fcha Katariina kiriku kabelis, M\u00fc\u00fcrivahe 33. Vaata asukohta kaardilt. TERE TULEMAST!<\/p>\n","protected":false},"author":1,"featured_media":0,"parent":0,"menu_order":1,"comment_status":"open","ping_status":"open","template":"","meta":{"_exactmetrics_skip_tracking":false,"_exactmetrics_sitenote_active":false,"_exactmetrics_sitenote_note":"","_exactmetrics_sitenote_category":0,"footnotes":""},"class_list":["post-400","page","type-page","status-publish","hentry"],"_links":{"self":[{"href":"https:\/\/eakk.ee\/index.php?rest_route=\/wp\/v2\/pages\/400","targetHints":{"allow":["GET"]}}],"collection":[{"href":"https:\/\/eakk.ee\/index.php?rest_route=\/wp\/v2\/pages"}],"about":[{"href":"https:\/\/eakk.ee\/index.php?rest_route=\/wp\/v2\/types\/page"}],"author":[{"embeddable":true,"href":"https:\/\/eakk.ee\/index.php?rest_route=\/wp\/v2\/users\/1"}],"replies":[{"embeddable":true,"href":"https:\/\/eakk.ee\/index.php?rest_route=%2Fwp%2Fv2%2Fcomments&post=400"}],"version-history":[{"count":5,"href":"https:\/\/eakk.ee\/index.php?rest_route=\/wp\/v2\/pages\/400\/revisions"}],"predecessor-version":[{"id":10018,"href":"https:\/\/eakk.ee\/index.php?rest_route=\/wp\/v2\/pages\/400\/revisions\/10018"}],"wp:attachment":[{"href":"https:\/\/eakk.ee\/index.php?rest_route=%2Fwp%2Fv2%2Fmedia&parent=400"}],"curies":[{"name":"wp","href":"https:\/\/api.w.org\/{rel}","templated":true}]}}