{"id":3575,"date":"2017-04-16T11:38:03","date_gmt":"2017-04-16T11:38:03","guid":{"rendered":"https:\/\/eakk.ee\/?page_id=3575"},"modified":"2017-04-16T11:38:03","modified_gmt":"2017-04-16T11:38:03","slug":"kristuse-ulestousmise-puha-keskoomissa-tallinnas-15-04-2017","status":"publish","type":"page","link":"https:\/\/eakk.ee\/?page_id=3575","title":{"rendered":"Kristuse \u00dclest\u00f5usmise P\u00fcha Kesk\u00f6\u00f6missa Tallinnas 15.04.2017"},"content":{"rendered":"<p><img loading=\"lazy\" decoding=\"async\" class=\"alignnone size-medium wp-image-3576\" src=\"https:\/\/eakk.ee\/wp-content\/uploads\/2017\/04\/IMG_20170415_220344-600x337.jpg\" alt=\"\" width=\"600\" height=\"337\" srcset=\"https:\/\/eakk.ee\/wp-content\/uploads\/2017\/04\/IMG_20170415_220344-600x337.jpg 600w, https:\/\/eakk.ee\/wp-content\/uploads\/2017\/04\/IMG_20170415_220344.jpg 1000w\" sizes=\"auto, (max-width: 600px) 100vw, 600px\" \/> <img loading=\"lazy\" decoding=\"async\" class=\"alignnone size-medium wp-image-3577\" src=\"https:\/\/eakk.ee\/wp-content\/uploads\/2017\/04\/IMG_20170415_220352-1-600x337.jpg\" alt=\"\" width=\"600\" height=\"337\" srcset=\"https:\/\/eakk.ee\/wp-content\/uploads\/2017\/04\/IMG_20170415_220352-1-600x337.jpg 600w, https:\/\/eakk.ee\/wp-content\/uploads\/2017\/04\/IMG_20170415_220352-1.jpg 1000w\" sizes=\"auto, (max-width: 600px) 100vw, 600px\" \/> <img loading=\"lazy\" decoding=\"async\" class=\"alignnone size-medium wp-image-3578\" src=\"https:\/\/eakk.ee\/wp-content\/uploads\/2017\/04\/IMG_20170415_220414-600x337.jpg\" alt=\"\" width=\"600\" height=\"337\" srcset=\"https:\/\/eakk.ee\/wp-content\/uploads\/2017\/04\/IMG_20170415_220414-600x337.jpg 600w, https:\/\/eakk.ee\/wp-content\/uploads\/2017\/04\/IMG_20170415_220414.jpg 1000w\" sizes=\"auto, (max-width: 600px) 100vw, 600px\" \/> <img loading=\"lazy\" decoding=\"async\" class=\"alignnone size-medium wp-image-3579\" src=\"https:\/\/eakk.ee\/wp-content\/uploads\/2017\/04\/IMG_20170415_220942-600x337.jpg\" alt=\"\" width=\"600\" height=\"337\" srcset=\"https:\/\/eakk.ee\/wp-content\/uploads\/2017\/04\/IMG_20170415_220942-600x337.jpg 600w, https:\/\/eakk.ee\/wp-content\/uploads\/2017\/04\/IMG_20170415_220942.jpg 1000w\" sizes=\"auto, (max-width: 600px) 100vw, 600px\" \/> <img loading=\"lazy\" decoding=\"async\" class=\"alignnone size-medium wp-image-3580\" src=\"https:\/\/eakk.ee\/wp-content\/uploads\/2017\/04\/IMG_20170415_220955-600x337.jpg\" alt=\"\" width=\"600\" height=\"337\" srcset=\"https:\/\/eakk.ee\/wp-content\/uploads\/2017\/04\/IMG_20170415_220955-600x337.jpg 600w, https:\/\/eakk.ee\/wp-content\/uploads\/2017\/04\/IMG_20170415_220955.jpg 1000w\" sizes=\"auto, (max-width: 600px) 100vw, 600px\" \/> <img loading=\"lazy\" decoding=\"async\" class=\"alignnone size-medium wp-image-3581\" src=\"https:\/\/eakk.ee\/wp-content\/uploads\/2017\/04\/IMG_20170415_221003-1-600x337.jpg\" alt=\"\" width=\"600\" height=\"337\" srcset=\"https:\/\/eakk.ee\/wp-content\/uploads\/2017\/04\/IMG_20170415_221003-1-600x337.jpg 600w, https:\/\/eakk.ee\/wp-content\/uploads\/2017\/04\/IMG_20170415_221003-1.jpg 1000w\" sizes=\"auto, (max-width: 600px) 100vw, 600px\" \/> <img loading=\"lazy\" decoding=\"async\" class=\"alignnone size-medium wp-image-3582\" src=\"https:\/\/eakk.ee\/wp-content\/uploads\/2017\/04\/IMG_20170415_221147-600x337.jpg\" alt=\"\" width=\"600\" height=\"337\" srcset=\"https:\/\/eakk.ee\/wp-content\/uploads\/2017\/04\/IMG_20170415_221147-600x337.jpg 600w, https:\/\/eakk.ee\/wp-content\/uploads\/2017\/04\/IMG_20170415_221147.jpg 1000w\" sizes=\"auto, (max-width: 600px) 100vw, 600px\" \/> <img loading=\"lazy\" decoding=\"async\" class=\"alignnone size-medium wp-image-3583\" src=\"https:\/\/eakk.ee\/wp-content\/uploads\/2017\/04\/IMG_20170415_221639-600x337.jpg\" alt=\"\" width=\"600\" height=\"337\" srcset=\"https:\/\/eakk.ee\/wp-content\/uploads\/2017\/04\/IMG_20170415_221639-600x337.jpg 600w, https:\/\/eakk.ee\/wp-content\/uploads\/2017\/04\/IMG_20170415_221639.jpg 1000w\" sizes=\"auto, (max-width: 600px) 100vw, 600px\" \/> <img loading=\"lazy\" decoding=\"async\" class=\"alignnone size-medium wp-image-3584\" src=\"https:\/\/eakk.ee\/wp-content\/uploads\/2017\/04\/IMG_20170415_222535-600x337.jpg\" alt=\"\" width=\"600\" height=\"337\" srcset=\"https:\/\/eakk.ee\/wp-content\/uploads\/2017\/04\/IMG_20170415_222535-600x337.jpg 600w, https:\/\/eakk.ee\/wp-content\/uploads\/2017\/04\/IMG_20170415_222535.jpg 1000w\" sizes=\"auto, (max-width: 600px) 100vw, 600px\" \/> <img loading=\"lazy\" decoding=\"async\" class=\"alignnone size-medium wp-image-3585\" src=\"https:\/\/eakk.ee\/wp-content\/uploads\/2017\/04\/IMG_20170415_223141-600x337.jpg\" alt=\"\" width=\"600\" height=\"337\" srcset=\"https:\/\/eakk.ee\/wp-content\/uploads\/2017\/04\/IMG_20170415_223141-600x337.jpg 600w, https:\/\/eakk.ee\/wp-content\/uploads\/2017\/04\/IMG_20170415_223141.jpg 1000w\" sizes=\"auto, (max-width: 600px) 100vw, 600px\" \/> <img loading=\"lazy\" decoding=\"async\" class=\"alignnone size-medium wp-image-3586\" src=\"https:\/\/eakk.ee\/wp-content\/uploads\/2017\/04\/IMG_20170415_224035-600x337.jpg\" alt=\"\" width=\"600\" height=\"337\" srcset=\"https:\/\/eakk.ee\/wp-content\/uploads\/2017\/04\/IMG_20170415_224035-600x337.jpg 600w, https:\/\/eakk.ee\/wp-content\/uploads\/2017\/04\/IMG_20170415_224035.jpg 1000w\" sizes=\"auto, (max-width: 600px) 100vw, 600px\" \/> <img loading=\"lazy\" decoding=\"async\" class=\"alignnone size-medium wp-image-3587\" src=\"https:\/\/eakk.ee\/wp-content\/uploads\/2017\/04\/IMG_20170415_224043-600x337.jpg\" alt=\"\" width=\"600\" height=\"337\" srcset=\"https:\/\/eakk.ee\/wp-content\/uploads\/2017\/04\/IMG_20170415_224043-600x337.jpg 600w, https:\/\/eakk.ee\/wp-content\/uploads\/2017\/04\/IMG_20170415_224043.jpg 1000w\" sizes=\"auto, (max-width: 600px) 100vw, 600px\" \/> <img loading=\"lazy\" decoding=\"async\" class=\"alignnone size-medium wp-image-3588\" src=\"https:\/\/eakk.ee\/wp-content\/uploads\/2017\/04\/IMG_20170415_224137-600x337.jpg\" alt=\"\" width=\"600\" height=\"337\" srcset=\"https:\/\/eakk.ee\/wp-content\/uploads\/2017\/04\/IMG_20170415_224137-600x337.jpg 600w, https:\/\/eakk.ee\/wp-content\/uploads\/2017\/04\/IMG_20170415_224137.jpg 1000w\" sizes=\"auto, (max-width: 600px) 100vw, 600px\" \/> <img loading=\"lazy\" decoding=\"async\" class=\"alignnone size-medium wp-image-3589\" src=\"https:\/\/eakk.ee\/wp-content\/uploads\/2017\/04\/IMG_20170415_224225-600x337.jpg\" alt=\"\" width=\"600\" height=\"337\" srcset=\"https:\/\/eakk.ee\/wp-content\/uploads\/2017\/04\/IMG_20170415_224225-600x337.jpg 600w, https:\/\/eakk.ee\/wp-content\/uploads\/2017\/04\/IMG_20170415_224225.jpg 1000w\" sizes=\"auto, (max-width: 600px) 100vw, 600px\" \/> <img loading=\"lazy\" decoding=\"async\" class=\"alignnone size-medium wp-image-3590\" src=\"https:\/\/eakk.ee\/wp-content\/uploads\/2017\/04\/IMG_20170415_224231-1-600x337.jpg\" alt=\"\" width=\"600\" height=\"337\" srcset=\"https:\/\/eakk.ee\/wp-content\/uploads\/2017\/04\/IMG_20170415_224231-1-600x337.jpg 600w, https:\/\/eakk.ee\/wp-content\/uploads\/2017\/04\/IMG_20170415_224231-1.jpg 1000w\" sizes=\"auto, (max-width: 600px) 100vw, 600px\" \/> <img loading=\"lazy\" decoding=\"async\" class=\"alignnone size-medium wp-image-3591\" src=\"https:\/\/eakk.ee\/wp-content\/uploads\/2017\/04\/IMG_20170415_225355-600x337.jpg\" alt=\"\" width=\"600\" height=\"337\" srcset=\"https:\/\/eakk.ee\/wp-content\/uploads\/2017\/04\/IMG_20170415_225355-600x337.jpg 600w, https:\/\/eakk.ee\/wp-content\/uploads\/2017\/04\/IMG_20170415_225355.jpg 1000w\" sizes=\"auto, (max-width: 600px) 100vw, 600px\" \/> <img loading=\"lazy\" decoding=\"async\" class=\"alignnone size-medium wp-image-3592\" src=\"https:\/\/eakk.ee\/wp-content\/uploads\/2017\/04\/IMG_20170415_225410-1-600x337.jpg\" alt=\"\" width=\"600\" height=\"337\" srcset=\"https:\/\/eakk.ee\/wp-content\/uploads\/2017\/04\/IMG_20170415_225410-1-600x337.jpg 600w, https:\/\/eakk.ee\/wp-content\/uploads\/2017\/04\/IMG_20170415_225410-1.jpg 1000w\" sizes=\"auto, (max-width: 600px) 100vw, 600px\" \/><\/p>\n","protected":false},"excerpt":{"rendered":"","protected":false},"author":1,"featured_media":0,"parent":271,"menu_order":0,"comment_status":"closed","ping_status":"closed","template":"","meta":{"_exactmetrics_skip_tracking":false,"_exactmetrics_sitenote_active":false,"_exactmetrics_sitenote_note":"","_exactmetrics_sitenote_category":0,"footnotes":""},"class_list":["post-3575","page","type-page","status-publish","hentry"],"_links":{"self":[{"href":"https:\/\/eakk.ee\/index.php?rest_route=\/wp\/v2\/pages\/3575","targetHints":{"allow":["GET"]}}],"collection":[{"href":"https:\/\/eakk.ee\/index.php?rest_route=\/wp\/v2\/pages"}],"about":[{"href":"https:\/\/eakk.ee\/index.php?rest_route=\/wp\/v2\/types\/page"}],"author":[{"embeddable":true,"href":"https:\/\/eakk.ee\/index.php?rest_route=\/wp\/v2\/users\/1"}],"replies":[{"embeddable":true,"href":"https:\/\/eakk.ee\/index.php?rest_route=%2Fwp%2Fv2%2Fcomments&post=3575"}],"version-history":[{"count":1,"href":"https:\/\/eakk.ee\/index.php?rest_route=\/wp\/v2\/pages\/3575\/revisions"}],"predecessor-version":[{"id":3593,"href":"https:\/\/eakk.ee\/index.php?rest_route=\/wp\/v2\/pages\/3575\/revisions\/3593"}],"up":[{"embeddable":true,"href":"https:\/\/eakk.ee\/index.php?rest_route=\/wp\/v2\/pages\/271"}],"wp:attachment":[{"href":"https:\/\/eakk.ee\/index.php?rest_route=%2Fwp%2Fv2%2Fmedia&parent=3575"}],"curies":[{"name":"wp","href":"https:\/\/api.w.org\/{rel}","templated":true}]}}