{"id":335,"date":"2012-07-19T07:16:19","date_gmt":"2012-07-19T07:16:19","guid":{"rendered":"https:\/\/eakk.ee\/?page_id=335"},"modified":"2012-07-19T07:18:09","modified_gmt":"2012-07-19T07:18:09","slug":"miks-meil-pole-naispreestreid","status":"publish","type":"page","link":"https:\/\/eakk.ee\/?page_id=335","title":{"rendered":"Miks meil pole naispreestreid?"},"content":{"rendered":"<div>\n<p>Isa Bernard Andracchio,<br \/>\nEesti keelde t\u00f5lkinud isa Heigo Ritsbek<\/p>\n<p>Kiriku \u00f5petust ainult meesvaimulikest on t\u00e4nap\u00e4eval m\u00f5nedel inimestel raske m\u00f5ista. Eriti teeb selle probleemi keeruliseks fakt, et k\u00fcsimust tahetakse ainult \u00fchest aspektist \u2013 v\u00f5rdsuse aspektist \u2013 vaadelda. Jeesus asetas preestriameti meeste hulka \u2013 nii nagu isaks olemisegi. Sellel pole absoluutselt mingit pistmist meeste nn \u201c\u00fcleolekust\u201d naiste suhtes: mehed ei ole naistest \u00fcle. Mehed ja naised on oma v\u00e4\u00e4rikuses v\u00f5rdsed, nad on v\u00f5rdselt loodud Jumala n\u00e4o j\u00e4rele. Kuid see v\u00f5rdsus ei t\u00e4henda samasust k\u00f5iges. Ega ei t\u00e4henda see, et meestel ja naistel peaks absoluutselt sama roll \u00fchiskonnas olema. Kuna t\u00f5epoolest teatud \u00fchiskondades on naisi diskrimineeritud ja seda tehtud ka Kiriku liikmete poolt, arvavad osa inimesi, et ainult meestele vaimulike rolli j\u00e4tmine on osa sellest diskrimineerimisest. Kuid see ei ole nii. Jeesus rajas preesterkonna ja Ta kutsus sellesse vaid mehi. M\u00f5nikord \u00f6eldakse, et Jeesus tegi seda vaid Tema ajastu traditsioonilisi arusaamu silmas pidades. See ei ole aga sugugi mitte tugev argument. Jeesus murdis paljudes asjades \u2013 ja isegi vapustavalt paljudel juhtudel \u2013 oma ajastu arusaamisi. Ja seda ka naiste suhtes. N\u00e4iteks lubades olla naistel Tema l\u00e4hemate j\u00e4rgijate hulgas, nendega avalikult suheldes ja andes meeste ja naiste abielu\u00f5igustele v\u00f5rdse kaalu. Samas ei kutsunud Ta naisi preestriteenistusse \u2013 ja see n\u00e4itab meile midagi v\u00e4ga olulist. See t\u00e4hendab, et Jeesus soovis preestriteenistuses n\u00e4ha ainult mehi. Eriti teeb selle arusaama selgeks suhtumine \u00d5ndsasse Neitsi Maarjasse. Ta ei saanud ei apostlitega v\u00f5rdset missiooni ega ka mingit muud preestrirolli. Sellest johtub v\u00e4ga selgelt, et kui naisi ei p\u00fchitseta preestriteks, siis mitte seep\u00e4rast, et nad oleksid milleski v\u00e4hem v\u00e4\u00e4rikad v\u00f5i \u201cv\u00e4\u00e4rtuslikud\u201d, ega t\u00e4henda see nende diskrimineerimist. Selles n\u00e4eme me hoopiski Universumi Issanda ja P\u00e4\u00e4stja plaani t\u00e4itumist. Kirikul ei ole meelevalda muuta seda, mida Jeesus Kristus on juba rajanud. Isegi kui Rooma paavst tahaks naisi preestriteks p\u00fchitseda, ei saa ta seda teha, sest Kirik ei ole mitte paavsti Kirik, vaid Kristuse Kirik.<\/p>\n<p>Miks on siis preesterlus eksklusiivselt maskuliinne? Kirikust k\u00f5neldes kasutame me alati feminiinseid termineid. Kirik on Kristuse pruut. Isegi terminis<em> Kristuse Ihu <\/em>on feminiinsus olemas. P\u00fcha Apostel Paulus kirjutab Efesose 5, et Kirik on Kristuse Ihu, sest ta on \u201c\u00fcks liha\u201d v\u00f5i \u201c\u00fcks ihu\u201d Kristusega, nii nagu naine on \u00fcks ihu mehega. Miks on Kirik feminiinne? \u00dcheks p\u00f5hjuseks on see, et ta v\u00f5tab vastu armu v\u00e4ljaspool iseennast ja toidab usklikke endas, nii nagu ema toidab oma veel-s\u00fcndimata last oma ihus. Sellel p\u00f5hjusel k\u00f5neleme me \u201cp\u00fchast emakirikust\u201d v\u00f5i Kirikust kui Emast.<\/p>\n<p>Mida on sellel k\u00f5igel siis tegemist meestest koosneva preesterkonnaga? Preester on sakramentaalne m\u00e4rk Kristusest kui Kiriku Peigmehest. Peigmees on ju mees! See ei ole juhus, et Kolmainsuse Teine Isik sai inimeseks saades meheks. See identiteet on maskuliinne Jumala suhtes oma rahvaga ja Jumala rahva identiteet on esitatud feminiinselt. Meessoost preester seisab Kristuse isikus &#8211;<em> in persona Christi<\/em>. Ta on sakramentaalne m\u00e4rk Kristusest kui peigmehest (Mt 9:15; 25:1-12; Jh 3:27-30; Ef 5) Kristuse Ihu, Tema pruudi ees. Kui naine p\u00fc\u00fcab seda rolli t\u00e4ita, on see nonsenss \u2013 samasugune nonsenss, kui mees p\u00fc\u00fcaks olla \u201cema\u201d. See pole mitte ebav\u00f5rdsus, vaid Jumala poolt antud erinevus mehe ja naise vahel.<\/p>\n<\/div>\n","protected":false},"excerpt":{"rendered":"<p>Isa Bernard Andracchio, Eesti keelde t\u00f5lkinud isa Heigo Ritsbek Kiriku \u00f5petust ainult meesvaimulikest on t\u00e4nap\u00e4eval m\u00f5nedel inimestel raske m\u00f5ista. Eriti teeb selle probleemi keeruliseks fakt, et k\u00fcsimust tahetakse ainult \u00fchest aspektist \u2013 v\u00f5rdsuse aspektist \u2013 vaadelda. Jeesus asetas preestriameti meeste &hellip; <a href=\"https:\/\/eakk.ee\/?page_id=335\">J\u00e4tka lugemist <span class=\"meta-nav\">&rarr;<\/span><\/a><\/p>\n","protected":false},"author":1,"featured_media":0,"parent":331,"menu_order":0,"comment_status":"open","ping_status":"open","template":"","meta":{"_exactmetrics_skip_tracking":false,"_exactmetrics_sitenote_active":false,"_exactmetrics_sitenote_note":"","_exactmetrics_sitenote_category":0,"footnotes":""},"class_list":["post-335","page","type-page","status-publish","hentry"],"_links":{"self":[{"href":"https:\/\/eakk.ee\/index.php?rest_route=\/wp\/v2\/pages\/335","targetHints":{"allow":["GET"]}}],"collection":[{"href":"https:\/\/eakk.ee\/index.php?rest_route=\/wp\/v2\/pages"}],"about":[{"href":"https:\/\/eakk.ee\/index.php?rest_route=\/wp\/v2\/types\/page"}],"author":[{"embeddable":true,"href":"https:\/\/eakk.ee\/index.php?rest_route=\/wp\/v2\/users\/1"}],"replies":[{"embeddable":true,"href":"https:\/\/eakk.ee\/index.php?rest_route=%2Fwp%2Fv2%2Fcomments&post=335"}],"version-history":[{"count":2,"href":"https:\/\/eakk.ee\/index.php?rest_route=\/wp\/v2\/pages\/335\/revisions"}],"predecessor-version":[{"id":340,"href":"https:\/\/eakk.ee\/index.php?rest_route=\/wp\/v2\/pages\/335\/revisions\/340"}],"up":[{"embeddable":true,"href":"https:\/\/eakk.ee\/index.php?rest_route=\/wp\/v2\/pages\/331"}],"wp:attachment":[{"href":"https:\/\/eakk.ee\/index.php?rest_route=%2Fwp%2Fv2%2Fmedia&parent=335"}],"curies":[{"name":"wp","href":"https:\/\/api.w.org\/{rel}","templated":true}]}}