{"id":331,"date":"2012-07-19T07:11:11","date_gmt":"2012-07-19T07:11:11","guid":{"rendered":"https:\/\/eakk.ee\/?page_id=331"},"modified":"2026-03-22T05:43:49","modified_gmt":"2026-03-22T05:43:49","slug":"artiklid","status":"publish","type":"page","link":"https:\/\/eakk.ee\/?page_id=331","title":{"rendered":"Artiklid"},"content":{"rendered":"<ul>\n<li><a href=\"https:\/\/eakk.ee\/?page_id=90\">Anglokatoliiklus<\/a><br \/><a href=\"https:\/\/eakk.ee\/?p=9662\" rel=\"bookmark\">7 SAKRAMENTI: 7 V\u00c4RAVAT JUMALIKU ARMU JUURDE<\/a><br \/><a href=\"https:\/\/eakk.ee\/?p=10088\">Vaimse p\u00e4eva loengud Anglokatoliku Kirikus 2026 A.D.<\/a><br \/><a style=\"white-space-collapse: preserve;\" href=\"https:\/\/eakk.ee\/?page_id=1773\">Jeesus s\u00fcndis 25. detsembril<\/a><\/li>\n<li><a href=\"https:\/\/eakk.ee\/?page_id=333\">Liturgia ja \u00e4ratus<\/a><\/li>\n<li><a href=\"https:\/\/eakk.ee\/?page_id=2106\">Mida vanad kirikud Neitsi Maarja kohta usuvad ja \u00f5petavad? &#8211; Margus Heil\u00e4<\/a><\/li>\n<li><a href=\"https:\/\/eakk.ee\/?page_id=335\">Miks meil pole naispreestreid?<\/a><\/li>\n<li><a href=\"https:\/\/eakk.ee\/?page_id=2869\">P\u00fchakute austamisest<\/a><\/li>\n<li><a href=\"https:\/\/eakk.ee\/?page_id=337\">P\u00fchap\u00e4evase jumalateenistuse m\u00f5ttest<\/a><\/li>\n<li><a href=\"https:\/\/eakk.ee\/?p=7778\">Rogate p\u00e4evad<\/a><\/li>\n<li><a href=\"https:\/\/eakk.ee\/?page_id=7373\">Ember Days<\/a><\/li>\n<\/ul>\n\n\n<p><\/p>\n","protected":false},"excerpt":{"rendered":"<p>Anglokatoliiklus7 SAKRAMENTI: 7 V\u00c4RAVAT JUMALIKU ARMU JUURDEVaimse p\u00e4eva loengud Anglokatoliku Kirikus 2026 A.D.Jeesus s\u00fcndis 25. detsembril Liturgia ja \u00e4ratus Mida vanad kirikud Neitsi Maarja kohta usuvad ja \u00f5petavad? &#8211; Margus Heil\u00e4 Miks meil pole naispreestreid? P\u00fchakute austamisest P\u00fchap\u00e4evase jumalateenistuse m\u00f5ttest &hellip; <a href=\"https:\/\/eakk.ee\/?page_id=331\">J\u00e4tka lugemist <span class=\"meta-nav\">&rarr;<\/span><\/a><\/p>\n","protected":false},"author":1,"featured_media":0,"parent":0,"menu_order":2,"comment_status":"open","ping_status":"open","template":"","meta":{"_exactmetrics_skip_tracking":false,"_exactmetrics_sitenote_active":false,"_exactmetrics_sitenote_note":"","_exactmetrics_sitenote_category":0,"footnotes":""},"class_list":["post-331","page","type-page","status-publish","hentry"],"_links":{"self":[{"href":"https:\/\/eakk.ee\/index.php?rest_route=\/wp\/v2\/pages\/331","targetHints":{"allow":["GET"]}}],"collection":[{"href":"https:\/\/eakk.ee\/index.php?rest_route=\/wp\/v2\/pages"}],"about":[{"href":"https:\/\/eakk.ee\/index.php?rest_route=\/wp\/v2\/types\/page"}],"author":[{"embeddable":true,"href":"https:\/\/eakk.ee\/index.php?rest_route=\/wp\/v2\/users\/1"}],"replies":[{"embeddable":true,"href":"https:\/\/eakk.ee\/index.php?rest_route=%2Fwp%2Fv2%2Fcomments&post=331"}],"version-history":[{"count":5,"href":"https:\/\/eakk.ee\/index.php?rest_route=\/wp\/v2\/pages\/331\/revisions"}],"predecessor-version":[{"id":10092,"href":"https:\/\/eakk.ee\/index.php?rest_route=\/wp\/v2\/pages\/331\/revisions\/10092"}],"wp:attachment":[{"href":"https:\/\/eakk.ee\/index.php?rest_route=%2Fwp%2Fv2%2Fmedia&parent=331"}],"curies":[{"name":"wp","href":"https:\/\/api.w.org\/{rel}","templated":true}]}}