{"id":3304,"date":"2016-12-27T17:17:59","date_gmt":"2016-12-27T17:17:59","guid":{"rendered":"https:\/\/eakk.ee\/?page_id=3304"},"modified":"2018-05-27T11:43:43","modified_gmt":"2018-05-27T11:43:43","slug":"vaimulikud-talitused","status":"publish","type":"page","link":"https:\/\/eakk.ee\/?page_id=3304","title":{"rendered":"Vaimulikud talitused"},"content":{"rendered":"<p>VAIMULIKUD TALITUSED: Ristimine, laulatus, matus<\/p>\n<p>RISTIMINE<\/p>\n<p>P\u00fcha Ristimine on avatud k\u00f5ikidele, kes seda soovivad, kas soovijaile endile v\u00f5i nende lastele.<\/p>\n<p>Ristimine toimub Anglokatoliku Kirikus kas avalikul missal v\u00f5i eraldi korraldatud privaatsel teenistusel. Privaatse teenistusena v\u00f5ib ristimine toimuda v\u00e4ga paljudes eri kohtades l\u00e4hedaste ja tuttavate kohalolekul. Ristimine t\u00e4histab uut algust. See on hetk, kus me r\u00f5\u00f5mustume, et inimene on ristiusu vastu v\u00f5tnud ja ta soovib kasvada selles usus. Kui ristime v\u00e4ikelapsi ja lapsi, annavad vanemad ja ristivanemad t\u00f5otused elada kristlikku elu ning olla eeskujuks selles lastele ning igatsedes Kiriku abi \u00f5petamaks lastele head s\u00f5numit Jeesusest Kristusest. Ristimine on ka uue elu t\u00e4histamine meie seas, Jumala anni t\u00e4histamine ja kogu Kirik igatseb sellest r\u00f5\u00f5mustamisest osa saada.<\/p>\n<p>Kuidas ristimist korraldada? V\u00f5ta kontakti vaimulikega, enne ristimist on l\u00fchike kristliku elu \u00f5petuse kursus (katehhees), millest nii vanemad kui ristivanemad v\u00f5iksid osa v\u00f5tta.<\/p>\n<p>LAULATUS<\/p>\n<p>Laulatus v\u00f5ib leida aset k\u00f5ikjal, kus tunnistajad saavad kohal viibida. Loomulikult v\u00f5ib laulatus toimuda kirikus v\u00f5i kabelis.<\/p>\n<p>Laulatused on t\u00e4idetud pidutsemise ja r\u00f5\u00f5mustamisega. Samas on selles ka t\u00f5sine truudusevande andmine oma tulevasele abikaasale.<\/p>\n<p>Laulatuseks palume taas kontakteeruda vaimulikega, et arutada l\u00e4bi laulatuse l\u00e4biviimise detailid. Me laulatame ristitud inimesi ning ainult erinevast soost paare.<\/p>\n<p>MATUS<\/p>\n<p>Meie vaimulikud on valmis l\u00e4bi viima matuseid. Kes leinavad, vajavad abi ja lohutust. Kirik suudab seda anda. Kas matus toimub kirikus, surnuaia kabelis v\u00f5i krematooriumis, on leinajate otsus. Enne matuse korraldamise juurde asumist tuleks vaimulikuga kokku leppida aeg ja koht, et ei oleks hiljem arusaamatusi, samuti saavad siis kokku lepitud matuse \u00fcksikdetailid. Kristliku matuse olemuseks on see, et isegi surmas on lootus, nii nagu ka elus.<\/p>\n<p>K\u00f5ikide vaimulike talituste puhul p\u00f6\u00f6rduge palun<strong>\u00a0i<\/strong><strong>sa Raivo Kodaniku<\/strong> (+372 372 56 229789, meil: isaraivo(\u00e4t)eakk.ee poole.<\/p>\n","protected":false},"excerpt":{"rendered":"<p>VAIMULIKUD TALITUSED: Ristimine, laulatus, matus RISTIMINE P\u00fcha Ristimine on avatud k\u00f5ikidele, kes seda soovivad, kas soovijaile endile v\u00f5i nende lastele. Ristimine toimub Anglokatoliku Kirikus kas avalikul missal v\u00f5i eraldi korraldatud privaatsel teenistusel. Privaatse teenistusena v\u00f5ib ristimine toimuda v\u00e4ga paljudes eri &hellip; <a href=\"https:\/\/eakk.ee\/?page_id=3304\">J\u00e4tka lugemist <span class=\"meta-nav\">&rarr;<\/span><\/a><\/p>\n","protected":false},"author":1,"featured_media":0,"parent":0,"menu_order":1,"comment_status":"closed","ping_status":"closed","template":"","meta":{"_exactmetrics_skip_tracking":false,"_exactmetrics_sitenote_active":false,"_exactmetrics_sitenote_note":"","_exactmetrics_sitenote_category":0,"footnotes":""},"class_list":["post-3304","page","type-page","status-publish","hentry"],"_links":{"self":[{"href":"https:\/\/eakk.ee\/index.php?rest_route=\/wp\/v2\/pages\/3304","targetHints":{"allow":["GET"]}}],"collection":[{"href":"https:\/\/eakk.ee\/index.php?rest_route=\/wp\/v2\/pages"}],"about":[{"href":"https:\/\/eakk.ee\/index.php?rest_route=\/wp\/v2\/types\/page"}],"author":[{"embeddable":true,"href":"https:\/\/eakk.ee\/index.php?rest_route=\/wp\/v2\/users\/1"}],"replies":[{"embeddable":true,"href":"https:\/\/eakk.ee\/index.php?rest_route=%2Fwp%2Fv2%2Fcomments&post=3304"}],"version-history":[{"count":5,"href":"https:\/\/eakk.ee\/index.php?rest_route=\/wp\/v2\/pages\/3304\/revisions"}],"predecessor-version":[{"id":4424,"href":"https:\/\/eakk.ee\/index.php?rest_route=\/wp\/v2\/pages\/3304\/revisions\/4424"}],"wp:attachment":[{"href":"https:\/\/eakk.ee\/index.php?rest_route=%2Fwp%2Fv2%2Fmedia&parent=3304"}],"curies":[{"name":"wp","href":"https:\/\/api.w.org\/{rel}","templated":true}]}}