{"id":309,"date":"2012-07-16T10:18:23","date_gmt":"2012-07-16T10:18:23","guid":{"rendered":"https:\/\/eakk.ee\/?page_id=309"},"modified":"2016-07-12T18:47:56","modified_gmt":"2016-07-12T18:47:56","slug":"jutlused","status":"publish","type":"page","link":"https:\/\/eakk.ee\/?page_id=309","title":{"rendered":"Jutlused, liturgia"},"content":{"rendered":"<p>Vaata ka: <a href=\"https:\/\/eakk.ee\/?page_id=1712\">Loengud<\/a><\/p>\n<p><strong>Jutlused<\/strong><\/p>\n<ul>\n<li>12.06.2016 <a href=\"https:\/\/eakk.ee\/?page_id=2856\">Piiskop Raivo Kodaniku jutlus<\/a><\/li>\n<li>15.05.2016 <a href=\"https:\/\/eakk.ee\/?page_id=2727\">Nelip\u00fcha jutlus 2016<\/a><\/li>\n<li>03.05.2015 <a href=\"https:\/\/eakk.ee\/?page_id=1985\">VIDEO: Kardinal Heigo Ritsbeki jutlus EAKK III aastap\u00e4eva missal<\/a><\/li>\n<li>04.04.2015 <a href=\"https:\/\/eakk.ee\/?page_id=1995\">VIDEO: Kardinal Heigo Ritsbeki homiilia Kristuse \u00dclest\u00f5usmise Suurp\u00fcha missal Tallinnas<\/a><\/li>\n<li>04.04.2015 <a href=\"https:\/\/eakk.ee\/?page_id=1988\">VIDEO: Isa Raivo Kodaniku homiilia \u00fclest\u00f5usmisp\u00fcha kesk\u00f6isel vigiilial Saha kabelis<\/a><\/li>\n<li>28.09.2014 <a href=\"https:\/\/eakk.ee\/?page_id=1655\">VIDEO: Isa Raivo Kodaniku jutlus<\/a><\/li>\n<li>24.08.2014 <a href=\"https:\/\/eakk.ee\/?page_id=1588\">VIDEO: Jutlus dr Ritsbeki piiskopiks p\u00fchitsemise II aastap\u00e4eval<\/a><\/li>\n<li>19.04.2014 <a href=\"https:\/\/eakk.ee\/?page_id=1488\">VIDEO: Heigo Ritsbeki jutlus \u00fclest\u00f5usmisp\u00fchade kesk\u00f6\u00f6missal<\/a><\/li>\n<li>15.07.2012 <a href=\"https:\/\/eakk.ee\/?page_id=314\">Heigo Ritsbeki jutlus. Sakramentalismi algataja \u2013 Jeesus<\/a><\/li>\n<\/ul>\n<p><strong>Liturgia<br \/>\n<\/strong><\/p>\n<ul>\n<li>23.08.2015 <a href=\"https:\/\/eakk.ee\/?page_id=2114\">VIDEO: Heigo Ritsbeki piiskopiks p\u00fchitsemise III aastap\u00e4eva missa<\/a><\/li>\n<li>05.04.2015 <a href=\"https:\/\/eakk.ee\/?page_id=2000\">VIDEO: Armulaualiturgia Kristuse \u00dclest\u00f5usmise Suurp\u00fcha missal Tallinnas<\/a><\/li>\n<li>04.04.2015 <a href=\"https:\/\/eakk.ee\/?page_id=1992\">VIDEO: Armulaualiturgia \u00fclest\u00f5usmisp\u00fcha kesk\u00f6isel vigiilial Saha kabelis<\/a><\/li>\n<\/ul>\n","protected":false},"excerpt":{"rendered":"<p>Vaata ka: Loengud Jutlused 12.06.2016 Piiskop Raivo Kodaniku jutlus 15.05.2016 Nelip\u00fcha jutlus 2016 03.05.2015 VIDEO: Kardinal Heigo Ritsbeki jutlus EAKK III aastap\u00e4eva missal 04.04.2015 VIDEO: Kardinal Heigo Ritsbeki homiilia Kristuse \u00dclest\u00f5usmise Suurp\u00fcha missal Tallinnas 04.04.2015 VIDEO: Isa Raivo Kodaniku homiilia &hellip; <a href=\"https:\/\/eakk.ee\/?page_id=309\">J\u00e4tka lugemist <span class=\"meta-nav\">&rarr;<\/span><\/a><\/p>\n","protected":false},"author":1,"featured_media":0,"parent":0,"menu_order":2,"comment_status":"open","ping_status":"open","template":"","meta":{"_exactmetrics_skip_tracking":false,"_exactmetrics_sitenote_active":false,"_exactmetrics_sitenote_note":"","_exactmetrics_sitenote_category":0,"footnotes":""},"class_list":["post-309","page","type-page","status-publish","hentry"],"_links":{"self":[{"href":"https:\/\/eakk.ee\/index.php?rest_route=\/wp\/v2\/pages\/309","targetHints":{"allow":["GET"]}}],"collection":[{"href":"https:\/\/eakk.ee\/index.php?rest_route=\/wp\/v2\/pages"}],"about":[{"href":"https:\/\/eakk.ee\/index.php?rest_route=\/wp\/v2\/types\/page"}],"author":[{"embeddable":true,"href":"https:\/\/eakk.ee\/index.php?rest_route=\/wp\/v2\/users\/1"}],"replies":[{"embeddable":true,"href":"https:\/\/eakk.ee\/index.php?rest_route=%2Fwp%2Fv2%2Fcomments&post=309"}],"version-history":[{"count":5,"href":"https:\/\/eakk.ee\/index.php?rest_route=\/wp\/v2\/pages\/309\/revisions"}],"predecessor-version":[{"id":2859,"href":"https:\/\/eakk.ee\/index.php?rest_route=\/wp\/v2\/pages\/309\/revisions\/2859"}],"wp:attachment":[{"href":"https:\/\/eakk.ee\/index.php?rest_route=%2Fwp%2Fv2%2Fmedia&parent=309"}],"curies":[{"name":"wp","href":"https:\/\/api.w.org\/{rel}","templated":true}]}}