{"id":2856,"date":"2016-07-12T18:45:26","date_gmt":"2016-07-12T18:45:26","guid":{"rendered":"https:\/\/eakk.ee\/?page_id=2856"},"modified":"2016-07-12T18:45:26","modified_gmt":"2016-07-12T18:45:26","slug":"piiskop-raivo-kodaniku-jutlus-12-06-2016","status":"publish","type":"page","link":"https:\/\/eakk.ee\/?page_id=2856","title":{"rendered":"Piiskop Raivo Kodaniku jutlus 12.06.2016"},"content":{"rendered":"<p>T\u00e4naseid P\u00fchakirja tekste ( <a href=\"https:\/\/www.piibel.net\/#q=Gl%202:16,19-21\" target=\"_blank\">Gl 2:16,19-21<\/a>; <a href=\"https:\/\/www.piibel.net\/#q=Lk%207:36-8:3\" target=\"_blank\">Lk 7:36-8:3<\/a>) lugedes tuli kaks olulist arusaama. Esmalt avastasin evangeeliumi lugedes, et see kirjakoht ei r\u00e4\u00e4gi meile mitte niiv\u00f5rd patust ja selle andestusest vaid s\u00fcdameigatsusest.<br \/>\n&#8220;Ja vaata, linnas oli keegi patune naine, ja kui see sai teada, et Jeesus istub variseri majas lauas, t\u00f5i ta alabasterriista m\u00fcrri\u00f5liga ja astus Tema taha Ta jalgade juurde, hakkas nuttes Tema jalgu kastma pisaratega ja kuivatas neid oma juustega ja suudles Tema jalgu.&#8221;<\/p>\n<p>Me kuulsime, et Jeesust peeti prohvetiks &#8211; Jumala l\u00e4kitatud meheks. Kui meie l\u00e4heme kellegi juurde v\u00f5i mingisse paika, on sellel minemisel alati mingi m\u00f5te. Poodi minnes loodame osta vajaminevaid asju. K\u00fclla minnes loodame kohtuda heade s\u00f5pradega ja h\u00e4sti aega veeta. Kuid mida otsiksime prohvetit k\u00fclastades?<\/p>\n<p>Eestis on \u00fcha laiemalt levimas trend k\u00fclastada posijaid ja igasuguseid &#8220;tarku&#8221;. Inimesed otsivad midagi. See &#8220;miski&#8221; peaks meid lohutama ja \u00f5petama elama. Meie sees on igatsus millegi suure, muutumatu ja armastust jagava suhtes. Inimesed kes ei ole kirikuga \u00fchinenud, ei saagi tunda t\u00f5elise\u00a0 Jumala ligiolu, vaid j\u00e4\u00e4vad otsima, saamata p\u00fcsivat hingerahu.<\/p>\n<p>Ka\u00a0 eksinud naine t\u00e4nases evangeeliumis otsis m\u00f5istmist ja armastust. Kas me<br \/>\nsuudame m\u00f5ista, mida t\u00e4hendas naise jaoks Jeesuse s\u00f5nad: &#8220;Sinu patud on sulle andeks antud!&#8221; Kui me loeme pisut edasi, saame teada, et lauasistujad hakkasid arutama teemal &#8220;Kes on Tema, kes ka patte andeks annab?&#8221; Siit j\u00e4reldame, et pattudest vabanemine ei olnud naise esmane eesm\u00e4rk, vaid tema s\u00fcdameigatsuse ja lootuse l\u00f5plik t\u00e4itumine. Sellesama lootuse ja usuga, aga ka voliga, jagab p\u00fcha Kirik meilegi igatsuse<br \/>\nt\u00e4itumist meeleparanduse sakramendis, mille Jumal on meile andnud lohutuseks<br \/>\nja oma armastuse v\u00e4ljenduseks. Kristus, andes Peetrusele kui kogu kristliku kiriku asemikule v\u00f5tmed, \u00fctles: \u201cMis sa maa peal seod, peab taevas seotud olema, ja mis sa<br \/>\nmaa peal valla p\u00e4\u00e4stad, peab taevas valla p\u00e4\u00e4stetud olema.\u201d<\/p>\n<p>Meie hoiame kristlastena neid s\u00f5nu meeles, sest neis sisaldub meeleparanduse<br \/>\nsakrament, pattude andeksand, s\u00fcdametunnistuse lohutus ja rahu, kogu s\u00fcdame r\u00f5\u00f5m ja<br \/>\n\u00f5ndsus k\u00f5ikide pattude, s\u00fcdametunnistuse\u00a0kohkumiste, meeleheite\u00a0ja\u00a0p\u00f5rguv\u00e4ravate<br \/>\nkatsumuste\u00a0vastu. Meeleparandus<wbr \/>e sakrament annab meile v\u00f5imaluse vahetult ja<br \/>\nisiklikult saada osa Jumala armust.<\/p>\n<p>Epistlilugemisest kuulsime: &#8220;Vennad, teades, et inimene ei saa \u00f5igeks Seaduse tegude kaudu, vaid ainult usu l\u00e4bi Kristusesse Jeesusesse&#8221;. Siit tuleneb ka minu teine m\u00f5te t\u00e4naseks p\u00e4evaks.<\/p>\n<p>Kristus on meie Lunastaja ja P\u00e4\u00e4stja. Ilma usuta Temasse, lootes omaenese usupuhtusele v\u00f5i tegudele, ei ole meil mingit v\u00f5imalust astuda Jumala ette nii, et meie s\u00fcdametunnistus meid Tema ees ei s\u00fc\u00fcdistaks. Sellega tuleb tunnistada p\u00fcha Kiriku meelevalda nii \u00f5petuses kui sakramentides, sest v\u00e4ljspool Kirikut ei ole Lunastajat. Kui ei ole Lunastajat, ei saa ka olla kindlust ega mingisugust v\u00e4ljavaadet taevase kodumaa poole.<\/p>\n<p>Meile on antud l\u00e4bi Kiriku r\u00f5\u00f5m olla palve, s\u00fcdameigatsuse, p\u00fchakirja ja sakramentide l\u00e4bi osasaamises koos k\u00f5ikide vagade ja p\u00fchadega Jumala armastuse tegutsevas v\u00e4es. Selles v\u00e4es saame meie t\u00e4nagi armulauale tulles usukindluse ja osasaamise mitte kaduvast l\u00f5bust, vaid igikestvast taevalikust r\u00f5\u00f5must. Hoidkem sellest armastusest kinni ja kutsugem \u00fcha ja alati teisigi sellesse taevase igatsuse t\u00e4itumisse.<\/p>\n","protected":false},"excerpt":{"rendered":"<p>T\u00e4naseid P\u00fchakirja tekste ( Gl 2:16,19-21; Lk 7:36-8:3) lugedes tuli kaks olulist arusaama. Esmalt avastasin evangeeliumi lugedes, et see kirjakoht ei r\u00e4\u00e4gi meile mitte niiv\u00f5rd patust ja selle andestusest vaid s\u00fcdameigatsusest. &#8220;Ja vaata, linnas oli keegi patune naine, ja kui &hellip; <a href=\"https:\/\/eakk.ee\/?page_id=2856\">J\u00e4tka lugemist <span class=\"meta-nav\">&rarr;<\/span><\/a><\/p>\n","protected":false},"author":1,"featured_media":0,"parent":309,"menu_order":0,"comment_status":"closed","ping_status":"closed","template":"","meta":{"_exactmetrics_skip_tracking":false,"_exactmetrics_sitenote_active":false,"_exactmetrics_sitenote_note":"","_exactmetrics_sitenote_category":0,"footnotes":""},"class_list":["post-2856","page","type-page","status-publish","hentry"],"_links":{"self":[{"href":"https:\/\/eakk.ee\/index.php?rest_route=\/wp\/v2\/pages\/2856","targetHints":{"allow":["GET"]}}],"collection":[{"href":"https:\/\/eakk.ee\/index.php?rest_route=\/wp\/v2\/pages"}],"about":[{"href":"https:\/\/eakk.ee\/index.php?rest_route=\/wp\/v2\/types\/page"}],"author":[{"embeddable":true,"href":"https:\/\/eakk.ee\/index.php?rest_route=\/wp\/v2\/users\/1"}],"replies":[{"embeddable":true,"href":"https:\/\/eakk.ee\/index.php?rest_route=%2Fwp%2Fv2%2Fcomments&post=2856"}],"version-history":[{"count":2,"href":"https:\/\/eakk.ee\/index.php?rest_route=\/wp\/v2\/pages\/2856\/revisions"}],"predecessor-version":[{"id":2858,"href":"https:\/\/eakk.ee\/index.php?rest_route=\/wp\/v2\/pages\/2856\/revisions\/2858"}],"up":[{"embeddable":true,"href":"https:\/\/eakk.ee\/index.php?rest_route=\/wp\/v2\/pages\/309"}],"wp:attachment":[{"href":"https:\/\/eakk.ee\/index.php?rest_route=%2Fwp%2Fv2%2Fmedia&parent=2856"}],"curies":[{"name":"wp","href":"https:\/\/api.w.org\/{rel}","templated":true}]}}