{"id":2323,"date":"2016-01-03T15:11:33","date_gmt":"2016-01-03T15:11:33","guid":{"rendered":"https:\/\/eakk.ee\/?page_id=2323"},"modified":"2026-05-02T02:35:47","modified_gmt":"2026-05-02T02:35:47","slug":"tanased-lugemised","status":"publish","type":"page","link":"https:\/\/eakk.ee\/?page_id=2323","title":{"rendered":"T\u00e4nased lugemised"},"content":{"rendered":"\n<p>\u00dclest\u00f5usmisaja IV laup\u00e4ev<\/p>\n\n\n\n<p>Lugemine Apostlite tegude raamatust:<br>J\u00e4rgmisel hingamisp\u00e4eval kogunes peaaegu kogu linn Issanda s\u00f5na kuulama.<br>Rahvahulki n\u00e4hes muutusid juudid v\u00e4ga kadedaks ja vaidlesid pilgates<br>vastu Pauluse s\u00f5nadele. Paulus ja Barnabas aga \u00fctlesid avalikult: \u00abMeie<br>kohus oli r\u00e4\u00e4kida Jumala s\u00f5na esiteks teile, aga et teie selle enesest<br>\u00e4ra t\u00f5ukasite ega arva end igavest elu v\u00e4\u00e4rivat, siis vaata, me p\u00f6\u00f6rdume<br>paganate poole. Sest n\u00f5nda on meid Issand k\u00e4skinud: \u201cMa olen su pannud<br>paganate valguseks, et sa oleksid p\u00e4\u00e4steks ilmamaa otsani.\u00bb Seda kuuldes<br>r\u00f5\u00f5mustasid paganad ja \u00fclistasid Issanda s\u00f5na ning said usklikuks, nii<br>palju kui neid oli m\u00e4\u00e4ratud igaveseks eluks. Ja Issanda s\u00f5na levis \u00fcle<br>kogu maakonna. Aga juudid \u00e4ssitasid k\u00f5rgemast seisusest jumalakartlikke<br>naisi ja linna \u00fclikuid, \u00f5hutades neid taga kiusama Paulust ja Barnabast,<br>ning kihutasid nad v\u00e4lja oma piirkonnast. Nemad aga raputasid tolmu oma<br>jalgadelt nende peale ja tulid Ikoonioni. Ja j\u00fcngrid said t\u00e4is r\u00f5\u00f5mu ja<br>P\u00fcha Vaimu. See on Jumala S\u00f5na. T\u00e4nu olgu Jumalale!<\/p>\n\n\n\n<p>Maa on n\u00e4inud oma P\u00e4\u00e4stjat!<br>Laulge Issandale uus laul,<br>sest ta on teinud imetegusid:<br>tema parem k\u00e4si ja tema p\u00fcha k\u00e4sivars<br>on toonud temale v\u00f5idu!<br>Issand on andnud teada oma p\u00e4\u00e4ste,<br>tema on ilmutanud oma \u00f5igust paganate silme ees.<br>Ta on tuletanud meelde oma heldust<br>ja oma ustavust Iisraeli soo vastu;<br>K\u00f5ik ilmamaa otsad on n\u00e4inud<br>meie Jumala p\u00e4\u00e4stet.<br>H\u00f5isake Issandale, kogu ilmamaa,<br>t\u00f5stke h\u00f5isates h\u00e4\u00e4lt ja m\u00e4ngige temale!<br>Au olgu + Isale ja Pojale ja P\u00fchale Vaimule, nii nagu oli alguses,<br>nii on n\u00fc\u00fcd, ikka ja igavesti. Aamen.<br>Maa on n\u00e4inud oma P\u00e4\u00e4stjat!<\/p>\n\n\n\n<p>Halleluuja!<br>Kui te j\u00e4\u00e4te Minu s\u00f5nasse, siis te olete t\u00f5esti Minu j\u00fcngrid,<br>ning tunnetate t\u00f5de, \u00fctleb Issand!<br>Halleluuja!<\/p>\n\n\n\n<p>Evangeelium p\u00fcha Johannese j\u00e4rgi:<br>Jeesus \u00fctles oma j\u00fcngritele: \u00abKui te oleksite tundnud mind, siis te<br>tunneksite ka mu Isa. N\u00fc\u00fcd te tunnete teda ja olete teda n\u00e4inud.\u00bb<br>Filippus aga \u00fctles talle: \u00abIssand, n\u00e4ita meile Isa, ja me j\u00e4\u00e4me rahule!\u00bb<br>Jeesus \u00fctles talle: \u00abNii kaua aega olen ma teie juures, ja sa ei ole mind<br>veel \u00e4ra tundnud, Filippus? Kes on n\u00e4inud mind, see on n\u00e4inud Isa. Kuidas<br>sa siis \u00fctled: N\u00e4ita meile Isa!? Kas sa ei usu, et mina olen Isas ja Isa<br>on minus? Neid s\u00f5nu, mida ma teile \u00fctlen, ei r\u00e4\u00e4gi ma iseenesest, vaid<br>Isa, kes asub minus, teeb oma tegusid. Uskuge mind, et mina olen Isas ja<br>Isa on minus. Kui te ei usu muu p\u00e4rast, siis uskuge mu tegude t\u00f5ttu.<br>T\u00f5esti, t\u00f5esti, ma \u00fctlen teile, kes usub minusse, see teeb neidsamu<br>tegusid, mida mina teen, ja ta teeb nendest hoopis suuremaid, sest mina<br>l\u00e4hen Isa juurde ja mida te iganes palute minu nimel, seda ma teen, et<br>Isa saaks kirgastatud Pojas. Kui te midagi minult palute minu nimel,<br>siis ma teen seda.\u00bb See on p\u00fcha evangeelium.<br>\u00dclistus olgu Sulle, Issand Jeesus Kristus!<\/p>\n\n\n\n<p>Evangeeliumi s\u00f5nad kustutagu meie eksimused.<\/p>\n\n\n\n<p>Liturgiline v\u00e4rv: valge<\/p>\n\n\n\n<p>K\u00f5igev\u00e4eline ja igavene Jumal, Kes Sa andsid oma teenijale Athanasiusele<br>silmapaistva armu ja julguse tunnistada ustavalt Sinu Poja, meie Issanda<br>Jeesuse Kristuse jumalikkust:<br>Anna meilegi armu, et me p\u00fcsiksime kindlalt selles usus ning saaksime<br>Sinu t\u00f5e tundmise l\u00e4bi r\u00f5\u00f5msaks ja tugevaks keset k\u00f5iki maailma muutusi;<br>oma Poja Jeesuse Kristuse, meie Issanda l\u00e4bi, Kes elab ja valitseb koos<br>Sinu ja P\u00fcha Vaimuga, \u00fcks Jumal, igavesest ajast igavesti.<br>Aamen.<\/p>\n\n\n\n<p>Lugemised hommikupalvusel:<br><a href=\"https:\/\/www.piibel.net\/?q=ps%2099%3B%20ps%20100%3B%202ms%2034%3A1-10,29-35%3B%20hb%2011%3A17-31&amp;r=35\" data-type=\"link\" data-id=\"https:\/\/www.piibel.net\/?q=ps%2099%3B%20ps%20100%3B%202ms%2034%3A1-10,29-35%3B%20hb%2011%3A17-31&amp;r=35\">Ps 99; Ps 100; 2Ms 34:1-10,29-35; Hb 11:17-31<\/a><\/p>\n\n\n\n<p>Lugemised \u00f5htupalvusel:<br><a href=\"https:\/\/www.piibel.net\/?q=ps%2023%3B%20ps%2030%3B%20js%2050%3A4-10%3B%20ef%203%3A13-21\" data-type=\"link\" data-id=\"https:\/\/www.piibel.net\/?q=ps%2023%3B%20ps%2030%3B%20js%2050%3A4-10%3B%20ef%203%3A13-21\">Ps 23; Ps 30; Js 50:4-10; Ef 3:13-21<\/a><\/p>\n\n\n\n<p>P\u00fcha Athanasius<br>Tegemist on \u00fche kristliku ajaloo m\u00f5jukama kuju, kirikukrooriku ja teoloogiga.<br>Athanasius (u 296\u2013373 pKr) oli Aleksandria piiskop Egiptuses. Ta elas ajal, mil<br>kristlus oli alles saamas Rooma riigi ametlikuks usuks, kuid kirikut seestpoolt<br>r\u00e4sisid suured vaidlused selle \u00fcle, kes Jeesus Kristus olemuslikult \u00fcldse oli.<br>Teda tuntakse eelk\u00f5ige kui ariaanluse leppimatut vastast. Ariaanid v\u00e4itsid, et<br>Jeesus oli loodud olend (mitte Jumalaga samane). Athanasius aga kaitses<br>vankumatult seisukohta, et Poeg on Isaga &#8220;\u00fchisolemuslik&#8221; (homoousios).<br>Tema j\u00e4rjekindlus oli nii ekstreemne, et teda saadeti elu jooksul koguni viis<br>korda eksiili. Sellest tuli ka kuulus ladinakeelne v\u00e4ljend Athanasius contra<br>mundum ehk &#8220;Athanasius kogu maailma vastu&#8221;.<br>Ta oli oluline isik selle taga, mida me t\u00e4na tunneme Nikaia usutunnistusena \u2013<br>see on tekst, mida loetakse siiani enamikus kristlikes kirikutes \u00fcle maailma.<br>Athanasius on mees, kes pani 367. aastal oma lihav\u00f5ttekarjasekirjas kirja<br>esimese nimekirja 27-st Uue Testamendi raamatust t\u00e4pselt sellisel kujul, nagu<br>me neid t\u00e4na tunneme. Ta kirjutas p\u00fcha Antoniuse eluloo, mis aitas levitada<br>kloostrielu ja asketismi ideid \u00fcle Euroopa.<br>Kuna ta on \u00fcks neljast suurest Idakiriku isast, on tema p\u00e4rand oluline nii<br>katoliiklastele, anglikaanidele, \u00f5igeusklikele kui ka luterlastele.<\/p>\n","protected":false},"excerpt":{"rendered":"<p>\u00dclest\u00f5usmisaja IV laup\u00e4ev Lugemine Apostlite tegude raamatust:J\u00e4rgmisel hingamisp\u00e4eval kogunes peaaegu kogu linn Issanda s\u00f5na kuulama.Rahvahulki n\u00e4hes muutusid juudid v\u00e4ga kadedaks ja vaidlesid pilgatesvastu Pauluse s\u00f5nadele. Paulus ja Barnabas aga \u00fctlesid avalikult: \u00abMeiekohus oli r\u00e4\u00e4kida Jumala s\u00f5na esiteks teile, aga et &hellip; <a href=\"https:\/\/eakk.ee\/?page_id=2323\">J\u00e4tka lugemist <span class=\"meta-nav\">&rarr;<\/span><\/a><\/p>\n","protected":false},"author":1,"featured_media":0,"parent":0,"menu_order":0,"comment_status":"closed","ping_status":"closed","template":"","meta":{"_exactmetrics_skip_tracking":false,"_exactmetrics_sitenote_active":false,"_exactmetrics_sitenote_note":"","_exactmetrics_sitenote_category":0,"footnotes":""},"class_list":["post-2323","page","type-page","status-publish","hentry"],"_links":{"self":[{"href":"https:\/\/eakk.ee\/index.php?rest_route=\/wp\/v2\/pages\/2323","targetHints":{"allow":["GET"]}}],"collection":[{"href":"https:\/\/eakk.ee\/index.php?rest_route=\/wp\/v2\/pages"}],"about":[{"href":"https:\/\/eakk.ee\/index.php?rest_route=\/wp\/v2\/types\/page"}],"author":[{"embeddable":true,"href":"https:\/\/eakk.ee\/index.php?rest_route=\/wp\/v2\/users\/1"}],"replies":[{"embeddable":true,"href":"https:\/\/eakk.ee\/index.php?rest_route=%2Fwp%2Fv2%2Fcomments&post=2323"}],"version-history":[{"count":24,"href":"https:\/\/eakk.ee\/index.php?rest_route=\/wp\/v2\/pages\/2323\/revisions"}],"predecessor-version":[{"id":10294,"href":"https:\/\/eakk.ee\/index.php?rest_route=\/wp\/v2\/pages\/2323\/revisions\/10294"}],"wp:attachment":[{"href":"https:\/\/eakk.ee\/index.php?rest_route=%2Fwp%2Fv2%2Fmedia&parent=2323"}],"curies":[{"name":"wp","href":"https:\/\/api.w.org\/{rel}","templated":true}]}}