{"id":2005,"date":"2015-05-03T16:50:10","date_gmt":"2015-05-03T16:50:10","guid":{"rendered":"https:\/\/eakk.ee\/?page_id=2005"},"modified":"2015-05-03T16:50:10","modified_gmt":"2015-05-03T16:50:10","slug":"eakk-iii-aastapaeva-missa-03-05-2015","status":"publish","type":"page","link":"https:\/\/eakk.ee\/?page_id=2005","title":{"rendered":"EAKK III aastap\u00e4eva missa 03.05.2015"},"content":{"rendered":"<p>3. mail 2015 toimus Tallinnas Metropoli hotelli konverentsisaalis Eesti Anglokatoliku Kiriku III aastap\u00e4eva pidulik pontifikaalmissa. Teenisid kardinal dr Heigo Ritsbek ja preester isa Raivo Kodanik. Kardinali k\u00e4est said t\u00e4nukirja isa Raivo Kodanik, Inna Klettenberg ja Heidi Meier.<\/p>\n<p><a href=\"https:\/\/eakk.ee\/wp-content\/uploads\/2015\/05\/IMG_3275.jpg\"><img loading=\"lazy\" decoding=\"async\" class=\"alignnone size-full wp-image-2006\" src=\"https:\/\/eakk.ee\/wp-content\/uploads\/2015\/05\/IMG_3275.jpg\" alt=\"IMG_3275\" width=\"800\" height=\"600\" srcset=\"https:\/\/eakk.ee\/wp-content\/uploads\/2015\/05\/IMG_3275.jpg 800w, https:\/\/eakk.ee\/wp-content\/uploads\/2015\/05\/IMG_3275-300x225.jpg 300w\" sizes=\"auto, (max-width: 800px) 100vw, 800px\" \/><\/a><\/p>\n<p><a href=\"https:\/\/eakk.ee\/wp-content\/uploads\/2015\/05\/IMG_3276.jpg\"><img loading=\"lazy\" decoding=\"async\" class=\"alignnone size-full wp-image-2007\" src=\"https:\/\/eakk.ee\/wp-content\/uploads\/2015\/05\/IMG_3276.jpg\" alt=\"IMG_3276\" width=\"800\" height=\"600\" srcset=\"https:\/\/eakk.ee\/wp-content\/uploads\/2015\/05\/IMG_3276.jpg 800w, https:\/\/eakk.ee\/wp-content\/uploads\/2015\/05\/IMG_3276-300x225.jpg 300w\" sizes=\"auto, (max-width: 800px) 100vw, 800px\" \/><\/a><\/p>\n<p><a href=\"https:\/\/eakk.ee\/wp-content\/uploads\/2015\/05\/IMG_3279.jpg\"><img loading=\"lazy\" decoding=\"async\" class=\"alignnone size-full wp-image-2008\" src=\"https:\/\/eakk.ee\/wp-content\/uploads\/2015\/05\/IMG_3279.jpg\" alt=\"IMG_3279\" width=\"800\" height=\"600\" srcset=\"https:\/\/eakk.ee\/wp-content\/uploads\/2015\/05\/IMG_3279.jpg 800w, https:\/\/eakk.ee\/wp-content\/uploads\/2015\/05\/IMG_3279-300x225.jpg 300w\" sizes=\"auto, (max-width: 800px) 100vw, 800px\" \/><\/a><\/p>\n<p><a href=\"https:\/\/eakk.ee\/wp-content\/uploads\/2015\/05\/IMG_3280.jpg\"><img loading=\"lazy\" decoding=\"async\" class=\"alignnone size-full wp-image-2009\" src=\"https:\/\/eakk.ee\/wp-content\/uploads\/2015\/05\/IMG_3280.jpg\" alt=\"IMG_3280\" width=\"800\" height=\"600\" srcset=\"https:\/\/eakk.ee\/wp-content\/uploads\/2015\/05\/IMG_3280.jpg 800w, https:\/\/eakk.ee\/wp-content\/uploads\/2015\/05\/IMG_3280-300x225.jpg 300w\" sizes=\"auto, (max-width: 800px) 100vw, 800px\" \/><\/a><\/p>\n<p><a href=\"https:\/\/eakk.ee\/wp-content\/uploads\/2015\/05\/IMG_3282.jpg\"><img loading=\"lazy\" decoding=\"async\" class=\"alignnone size-full wp-image-2010\" src=\"https:\/\/eakk.ee\/wp-content\/uploads\/2015\/05\/IMG_3282.jpg\" alt=\"IMG_3282\" width=\"800\" height=\"600\" srcset=\"https:\/\/eakk.ee\/wp-content\/uploads\/2015\/05\/IMG_3282.jpg 800w, https:\/\/eakk.ee\/wp-content\/uploads\/2015\/05\/IMG_3282-300x225.jpg 300w\" sizes=\"auto, (max-width: 800px) 100vw, 800px\" \/><\/a><\/p>\n<p><a href=\"https:\/\/eakk.ee\/wp-content\/uploads\/2015\/05\/IMG_3283.jpg\"><img loading=\"lazy\" decoding=\"async\" class=\"alignnone size-full wp-image-2011\" src=\"https:\/\/eakk.ee\/wp-content\/uploads\/2015\/05\/IMG_3283.jpg\" alt=\"IMG_3283\" width=\"800\" height=\"600\" srcset=\"https:\/\/eakk.ee\/wp-content\/uploads\/2015\/05\/IMG_3283.jpg 800w, https:\/\/eakk.ee\/wp-content\/uploads\/2015\/05\/IMG_3283-300x225.jpg 300w\" sizes=\"auto, (max-width: 800px) 100vw, 800px\" \/><\/a><\/p>\n<p><a href=\"https:\/\/eakk.ee\/wp-content\/uploads\/2015\/05\/IMG_3286.jpg\"><img loading=\"lazy\" decoding=\"async\" class=\"alignnone size-full wp-image-2012\" src=\"https:\/\/eakk.ee\/wp-content\/uploads\/2015\/05\/IMG_3286.jpg\" alt=\"IMG_3286\" width=\"800\" height=\"600\" srcset=\"https:\/\/eakk.ee\/wp-content\/uploads\/2015\/05\/IMG_3286.jpg 800w, https:\/\/eakk.ee\/wp-content\/uploads\/2015\/05\/IMG_3286-300x225.jpg 300w\" sizes=\"auto, (max-width: 800px) 100vw, 800px\" \/><\/a><\/p>\n<p><a href=\"https:\/\/eakk.ee\/wp-content\/uploads\/2015\/05\/IMG_3288.jpg\"><img loading=\"lazy\" decoding=\"async\" class=\"alignnone size-full wp-image-2013\" src=\"https:\/\/eakk.ee\/wp-content\/uploads\/2015\/05\/IMG_3288.jpg\" alt=\"IMG_3288\" width=\"800\" height=\"600\" srcset=\"https:\/\/eakk.ee\/wp-content\/uploads\/2015\/05\/IMG_3288.jpg 800w, https:\/\/eakk.ee\/wp-content\/uploads\/2015\/05\/IMG_3288-300x225.jpg 300w\" sizes=\"auto, (max-width: 800px) 100vw, 800px\" \/><\/a><\/p>\n<p><a href=\"https:\/\/eakk.ee\/wp-content\/uploads\/2015\/05\/IMG_3292.jpg\"><img loading=\"lazy\" decoding=\"async\" class=\"alignnone size-full wp-image-2014\" src=\"https:\/\/eakk.ee\/wp-content\/uploads\/2015\/05\/IMG_3292.jpg\" alt=\"IMG_3292\" width=\"800\" height=\"600\" srcset=\"https:\/\/eakk.ee\/wp-content\/uploads\/2015\/05\/IMG_3292.jpg 800w, https:\/\/eakk.ee\/wp-content\/uploads\/2015\/05\/IMG_3292-300x225.jpg 300w\" sizes=\"auto, (max-width: 800px) 100vw, 800px\" \/><\/a><\/p>\n<p><a href=\"https:\/\/eakk.ee\/wp-content\/uploads\/2015\/05\/IMG_3294.jpg\"><img loading=\"lazy\" decoding=\"async\" class=\"alignnone size-full wp-image-2015\" src=\"https:\/\/eakk.ee\/wp-content\/uploads\/2015\/05\/IMG_3294.jpg\" alt=\"IMG_3294\" width=\"800\" height=\"600\" srcset=\"https:\/\/eakk.ee\/wp-content\/uploads\/2015\/05\/IMG_3294.jpg 800w, https:\/\/eakk.ee\/wp-content\/uploads\/2015\/05\/IMG_3294-300x225.jpg 300w\" sizes=\"auto, (max-width: 800px) 100vw, 800px\" \/><\/a><\/p>\n<p><a href=\"https:\/\/eakk.ee\/wp-content\/uploads\/2015\/05\/IMG_3296.jpg\"><img loading=\"lazy\" decoding=\"async\" class=\"alignnone size-full wp-image-2016\" src=\"https:\/\/eakk.ee\/wp-content\/uploads\/2015\/05\/IMG_3296.jpg\" alt=\"IMG_3296\" width=\"800\" height=\"600\" srcset=\"https:\/\/eakk.ee\/wp-content\/uploads\/2015\/05\/IMG_3296.jpg 800w, https:\/\/eakk.ee\/wp-content\/uploads\/2015\/05\/IMG_3296-300x225.jpg 300w\" sizes=\"auto, (max-width: 800px) 100vw, 800px\" \/><\/a><\/p>\n<p><a href=\"https:\/\/eakk.ee\/wp-content\/uploads\/2015\/05\/IMG_3298.jpg\"><img loading=\"lazy\" decoding=\"async\" class=\"alignnone size-full wp-image-2017\" src=\"https:\/\/eakk.ee\/wp-content\/uploads\/2015\/05\/IMG_3298.jpg\" alt=\"IMG_3298\" width=\"800\" height=\"600\" srcset=\"https:\/\/eakk.ee\/wp-content\/uploads\/2015\/05\/IMG_3298.jpg 800w, https:\/\/eakk.ee\/wp-content\/uploads\/2015\/05\/IMG_3298-300x225.jpg 300w\" sizes=\"auto, (max-width: 800px) 100vw, 800px\" \/><\/a><\/p>\n<p><a href=\"https:\/\/eakk.ee\/wp-content\/uploads\/2015\/05\/IMG_3301.jpg\"><img loading=\"lazy\" decoding=\"async\" class=\"alignnone size-full wp-image-2018\" src=\"https:\/\/eakk.ee\/wp-content\/uploads\/2015\/05\/IMG_3301.jpg\" alt=\"IMG_3301\" width=\"800\" height=\"600\" srcset=\"https:\/\/eakk.ee\/wp-content\/uploads\/2015\/05\/IMG_3301.jpg 800w, https:\/\/eakk.ee\/wp-content\/uploads\/2015\/05\/IMG_3301-300x225.jpg 300w\" sizes=\"auto, (max-width: 800px) 100vw, 800px\" \/><\/a><\/p>\n<p><a href=\"https:\/\/eakk.ee\/wp-content\/uploads\/2015\/05\/IMG_3303.jpg\"><img loading=\"lazy\" decoding=\"async\" class=\"alignnone size-full wp-image-2019\" src=\"https:\/\/eakk.ee\/wp-content\/uploads\/2015\/05\/IMG_3303.jpg\" alt=\"IMG_3303\" width=\"800\" height=\"600\" srcset=\"https:\/\/eakk.ee\/wp-content\/uploads\/2015\/05\/IMG_3303.jpg 800w, https:\/\/eakk.ee\/wp-content\/uploads\/2015\/05\/IMG_3303-300x225.jpg 300w\" sizes=\"auto, (max-width: 800px) 100vw, 800px\" \/><\/a><\/p>\n<p><a href=\"https:\/\/eakk.ee\/wp-content\/uploads\/2015\/05\/IMG_3306.jpg\"><img loading=\"lazy\" decoding=\"async\" class=\"alignnone size-full wp-image-2020\" src=\"https:\/\/eakk.ee\/wp-content\/uploads\/2015\/05\/IMG_3306.jpg\" alt=\"IMG_3306\" width=\"800\" height=\"600\" srcset=\"https:\/\/eakk.ee\/wp-content\/uploads\/2015\/05\/IMG_3306.jpg 800w, https:\/\/eakk.ee\/wp-content\/uploads\/2015\/05\/IMG_3306-300x225.jpg 300w\" sizes=\"auto, (max-width: 800px) 100vw, 800px\" \/><\/a><\/p>\n<p><a href=\"https:\/\/eakk.ee\/wp-content\/uploads\/2015\/05\/IMG_3308.jpg\"><img loading=\"lazy\" decoding=\"async\" class=\"alignnone size-full wp-image-2021\" src=\"https:\/\/eakk.ee\/wp-content\/uploads\/2015\/05\/IMG_3308.jpg\" alt=\"IMG_3308\" width=\"800\" height=\"600\" srcset=\"https:\/\/eakk.ee\/wp-content\/uploads\/2015\/05\/IMG_3308.jpg 800w, https:\/\/eakk.ee\/wp-content\/uploads\/2015\/05\/IMG_3308-300x225.jpg 300w\" sizes=\"auto, (max-width: 800px) 100vw, 800px\" \/><\/a><\/p>\n<p><a href=\"https:\/\/eakk.ee\/wp-content\/uploads\/2015\/05\/IMG_3309.jpg\"><img loading=\"lazy\" decoding=\"async\" class=\"alignnone size-full wp-image-2022\" src=\"https:\/\/eakk.ee\/wp-content\/uploads\/2015\/05\/IMG_3309.jpg\" alt=\"IMG_3309\" width=\"800\" height=\"600\" srcset=\"https:\/\/eakk.ee\/wp-content\/uploads\/2015\/05\/IMG_3309.jpg 800w, https:\/\/eakk.ee\/wp-content\/uploads\/2015\/05\/IMG_3309-300x225.jpg 300w\" sizes=\"auto, (max-width: 800px) 100vw, 800px\" \/><\/a><\/p>\n<p><a href=\"https:\/\/eakk.ee\/wp-content\/uploads\/2015\/05\/IMG_3312.jpg\"><img loading=\"lazy\" decoding=\"async\" class=\"alignnone size-full wp-image-2023\" src=\"https:\/\/eakk.ee\/wp-content\/uploads\/2015\/05\/IMG_3312.jpg\" alt=\"IMG_3312\" width=\"800\" height=\"600\" srcset=\"https:\/\/eakk.ee\/wp-content\/uploads\/2015\/05\/IMG_3312.jpg 800w, https:\/\/eakk.ee\/wp-content\/uploads\/2015\/05\/IMG_3312-300x225.jpg 300w\" sizes=\"auto, (max-width: 800px) 100vw, 800px\" \/><\/a><\/p>\n<p><a href=\"https:\/\/eakk.ee\/wp-content\/uploads\/2015\/05\/IMG_3313.jpg\"><img loading=\"lazy\" decoding=\"async\" class=\"alignnone size-full wp-image-2024\" src=\"https:\/\/eakk.ee\/wp-content\/uploads\/2015\/05\/IMG_3313.jpg\" alt=\"IMG_3313\" width=\"800\" height=\"600\" srcset=\"https:\/\/eakk.ee\/wp-content\/uploads\/2015\/05\/IMG_3313.jpg 800w, https:\/\/eakk.ee\/wp-content\/uploads\/2015\/05\/IMG_3313-300x225.jpg 300w\" sizes=\"auto, (max-width: 800px) 100vw, 800px\" \/><\/a><\/p>\n<p><a href=\"https:\/\/eakk.ee\/wp-content\/uploads\/2015\/05\/IMG_3314.jpg\"><img loading=\"lazy\" decoding=\"async\" class=\"alignnone size-full wp-image-2025\" src=\"https:\/\/eakk.ee\/wp-content\/uploads\/2015\/05\/IMG_3314.jpg\" alt=\"IMG_3314\" width=\"800\" height=\"600\" srcset=\"https:\/\/eakk.ee\/wp-content\/uploads\/2015\/05\/IMG_3314.jpg 800w, https:\/\/eakk.ee\/wp-content\/uploads\/2015\/05\/IMG_3314-300x225.jpg 300w\" sizes=\"auto, (max-width: 800px) 100vw, 800px\" \/><\/a><\/p>\n<p><a href=\"https:\/\/eakk.ee\/wp-content\/uploads\/2015\/05\/IMG_3315.jpg\"><img loading=\"lazy\" decoding=\"async\" class=\"alignnone size-full wp-image-2026\" src=\"https:\/\/eakk.ee\/wp-content\/uploads\/2015\/05\/IMG_3315.jpg\" alt=\"IMG_3315\" width=\"800\" height=\"600\" srcset=\"https:\/\/eakk.ee\/wp-content\/uploads\/2015\/05\/IMG_3315.jpg 800w, https:\/\/eakk.ee\/wp-content\/uploads\/2015\/05\/IMG_3315-300x225.jpg 300w\" sizes=\"auto, (max-width: 800px) 100vw, 800px\" \/><\/a><\/p>\n","protected":false},"excerpt":{"rendered":"<p>3. mail 2015 toimus Tallinnas Metropoli hotelli konverentsisaalis Eesti Anglokatoliku Kiriku III aastap\u00e4eva pidulik pontifikaalmissa. Teenisid kardinal dr Heigo Ritsbek ja preester isa Raivo Kodanik. Kardinali k\u00e4est said t\u00e4nukirja isa Raivo Kodanik, Inna Klettenberg ja Heidi Meier.<\/p>\n","protected":false},"author":1,"featured_media":0,"parent":271,"menu_order":0,"comment_status":"open","ping_status":"open","template":"","meta":{"_exactmetrics_skip_tracking":false,"_exactmetrics_sitenote_active":false,"_exactmetrics_sitenote_note":"","_exactmetrics_sitenote_category":0,"footnotes":""},"class_list":["post-2005","page","type-page","status-publish","hentry"],"_links":{"self":[{"href":"https:\/\/eakk.ee\/index.php?rest_route=\/wp\/v2\/pages\/2005","targetHints":{"allow":["GET"]}}],"collection":[{"href":"https:\/\/eakk.ee\/index.php?rest_route=\/wp\/v2\/pages"}],"about":[{"href":"https:\/\/eakk.ee\/index.php?rest_route=\/wp\/v2\/types\/page"}],"author":[{"embeddable":true,"href":"https:\/\/eakk.ee\/index.php?rest_route=\/wp\/v2\/users\/1"}],"replies":[{"embeddable":true,"href":"https:\/\/eakk.ee\/index.php?rest_route=%2Fwp%2Fv2%2Fcomments&post=2005"}],"version-history":[{"count":1,"href":"https:\/\/eakk.ee\/index.php?rest_route=\/wp\/v2\/pages\/2005\/revisions"}],"predecessor-version":[{"id":2027,"href":"https:\/\/eakk.ee\/index.php?rest_route=\/wp\/v2\/pages\/2005\/revisions\/2027"}],"up":[{"embeddable":true,"href":"https:\/\/eakk.ee\/index.php?rest_route=\/wp\/v2\/pages\/271"}],"wp:attachment":[{"href":"https:\/\/eakk.ee\/index.php?rest_route=%2Fwp%2Fv2%2Fmedia&parent=2005"}],"curies":[{"name":"wp","href":"https:\/\/api.w.org\/{rel}","templated":true}]}}