{"id":1995,"date":"2015-05-03T16:32:17","date_gmt":"2015-05-03T16:32:17","guid":{"rendered":"https:\/\/eakk.ee\/?page_id=1995"},"modified":"2015-12-06T15:11:34","modified_gmt":"2015-12-06T15:11:34","slug":"isa-raivo-kodaniku-homiilia-kristuse-ulestousmise-suurpuha-missal-tallinnas-05-04-2015","status":"publish","type":"page","link":"https:\/\/eakk.ee\/?page_id=1995","title":{"rendered":"VIDEO: Kardinal Heigo Ritsbeki homiilia Kristuse \u00dclest\u00f5usmise Suurp\u00fcha missal Tallinnas 05.04.2015"},"content":{"rendered":"<p>5. aprillil peeti EAKK Tallinna P\u00fcha Kolmainsuse koguduse Kristuse \u00dclest\u00f5usmise Suurp\u00fcha Pontifaalmissa Tallinnas Metropoli hotelli konverentsisaalis. Teenisid kardinal dr Heigo Ritsbek, DMin, DLitt, DD ja isa Raivo Kodanik. Homiilia pidas kardinal Heigo Ritsbek.<\/p>\n<p><iframe loading=\"lazy\" src=\"http:\/\/www.youtube.com\/embed\/xgXeK1nxO6s\" width=\"600\" height=\"337\" frameborder=\"0\" allowfullscreen=\"allowfullscreen\"><\/iframe><\/p>\n","protected":false},"excerpt":{"rendered":"<p>5. aprillil peeti EAKK Tallinna P\u00fcha Kolmainsuse koguduse Kristuse \u00dclest\u00f5usmise Suurp\u00fcha Pontifaalmissa Tallinnas Metropoli hotelli konverentsisaalis. Teenisid kardinal dr Heigo Ritsbek, DMin, DLitt, DD ja isa Raivo Kodanik. Homiilia pidas kardinal Heigo Ritsbek.<\/p>\n","protected":false},"author":1,"featured_media":0,"parent":309,"menu_order":0,"comment_status":"open","ping_status":"open","template":"","meta":{"_exactmetrics_skip_tracking":false,"_exactmetrics_sitenote_active":false,"_exactmetrics_sitenote_note":"","_exactmetrics_sitenote_category":0,"footnotes":""},"class_list":["post-1995","page","type-page","status-publish","hentry"],"_links":{"self":[{"href":"https:\/\/eakk.ee\/index.php?rest_route=\/wp\/v2\/pages\/1995","targetHints":{"allow":["GET"]}}],"collection":[{"href":"https:\/\/eakk.ee\/index.php?rest_route=\/wp\/v2\/pages"}],"about":[{"href":"https:\/\/eakk.ee\/index.php?rest_route=\/wp\/v2\/types\/page"}],"author":[{"embeddable":true,"href":"https:\/\/eakk.ee\/index.php?rest_route=\/wp\/v2\/users\/1"}],"replies":[{"embeddable":true,"href":"https:\/\/eakk.ee\/index.php?rest_route=%2Fwp%2Fv2%2Fcomments&post=1995"}],"version-history":[{"count":4,"href":"https:\/\/eakk.ee\/index.php?rest_route=\/wp\/v2\/pages\/1995\/revisions"}],"predecessor-version":[{"id":2285,"href":"https:\/\/eakk.ee\/index.php?rest_route=\/wp\/v2\/pages\/1995\/revisions\/2285"}],"up":[{"embeddable":true,"href":"https:\/\/eakk.ee\/index.php?rest_route=\/wp\/v2\/pages\/309"}],"wp:attachment":[{"href":"https:\/\/eakk.ee\/index.php?rest_route=%2Fwp%2Fv2%2Fmedia&parent=1995"}],"curies":[{"name":"wp","href":"https:\/\/api.w.org\/{rel}","templated":true}]}}