{"id":1992,"date":"2015-05-03T16:27:52","date_gmt":"2015-05-03T16:27:52","guid":{"rendered":"https:\/\/eakk.ee\/?page_id=1992"},"modified":"2015-12-06T15:09:48","modified_gmt":"2015-12-06T15:09:48","slug":"armulaualiturgia-ulestousmispuha-keskoisel-vigiilial-saha-kabelis-04-04-2015","status":"publish","type":"page","link":"https:\/\/eakk.ee\/?page_id=1992","title":{"rendered":"VIDEO: Armulaualiturgia \u00fclest\u00f5usmisp\u00fcha kesk\u00f6isel vigiilial Saha kabelis 04.04.2015"},"content":{"rendered":"<p>4. aprillil kell 22.00 algas Saha P\u00fcha Nicalause kabelis Eesti Anglokatoliku Kiriku Kristuse \u00dclest\u00f5usmise P\u00fcha Kesk\u00f6\u00f6 Vigiilia. Teenisid kardinal Heigo Ritsbek ja preester Raivo Kodanik. Homiilia pidas isa Raivo Kodanik.<\/p>\n<p><iframe loading=\"lazy\" src=\"http:\/\/www.youtube.com\/embed\/9kZZtPwH6Wc\" width=\"600\" height=\"337\" frameborder=\"0\" allowfullscreen=\"allowfullscreen\"><\/iframe><\/p>\n","protected":false},"excerpt":{"rendered":"<p>4. aprillil kell 22.00 algas Saha P\u00fcha Nicalause kabelis Eesti Anglokatoliku Kiriku Kristuse \u00dclest\u00f5usmise P\u00fcha Kesk\u00f6\u00f6 Vigiilia. Teenisid kardinal Heigo Ritsbek ja preester Raivo Kodanik. Homiilia pidas isa Raivo Kodanik.<\/p>\n","protected":false},"author":1,"featured_media":0,"parent":309,"menu_order":0,"comment_status":"open","ping_status":"open","template":"","meta":{"_exactmetrics_skip_tracking":false,"_exactmetrics_sitenote_active":false,"_exactmetrics_sitenote_note":"","_exactmetrics_sitenote_category":0,"footnotes":""},"class_list":["post-1992","page","type-page","status-publish","hentry"],"_links":{"self":[{"href":"https:\/\/eakk.ee\/index.php?rest_route=\/wp\/v2\/pages\/1992","targetHints":{"allow":["GET"]}}],"collection":[{"href":"https:\/\/eakk.ee\/index.php?rest_route=\/wp\/v2\/pages"}],"about":[{"href":"https:\/\/eakk.ee\/index.php?rest_route=\/wp\/v2\/types\/page"}],"author":[{"embeddable":true,"href":"https:\/\/eakk.ee\/index.php?rest_route=\/wp\/v2\/users\/1"}],"replies":[{"embeddable":true,"href":"https:\/\/eakk.ee\/index.php?rest_route=%2Fwp%2Fv2%2Fcomments&post=1992"}],"version-history":[{"count":2,"href":"https:\/\/eakk.ee\/index.php?rest_route=\/wp\/v2\/pages\/1992\/revisions"}],"predecessor-version":[{"id":2281,"href":"https:\/\/eakk.ee\/index.php?rest_route=\/wp\/v2\/pages\/1992\/revisions\/2281"}],"up":[{"embeddable":true,"href":"https:\/\/eakk.ee\/index.php?rest_route=\/wp\/v2\/pages\/309"}],"wp:attachment":[{"href":"https:\/\/eakk.ee\/index.php?rest_route=%2Fwp%2Fv2%2Fmedia&parent=1992"}],"curies":[{"name":"wp","href":"https:\/\/api.w.org\/{rel}","templated":true}]}}