{"id":193,"date":"2012-06-30T18:39:51","date_gmt":"2012-06-30T18:39:51","guid":{"rendered":"https:\/\/eakk.ee\/?page_id=193"},"modified":"2026-03-07T17:20:59","modified_gmt":"2026-03-07T17:20:59","slug":"ajalugu","status":"publish","type":"page","link":"https:\/\/eakk.ee\/?page_id=193","title":{"rendered":"Ajalugu"},"content":{"rendered":"<p>Eesti Anglokatoliku Kiriku (EAKK) ajalugu algas 2. maist 2012. See oli kiriku loomise p\u00e4ev.\u00a01. juunil 2012 m\u00e4\u00e4ras piiskop <em>electus<\/em> dr Heigo Ritsbek, MA, MDiv, DMin, DD\u00a0EAKK Tartu P\u00fcha Evangelist Matteuse koguduse loomise.\u00a012. juunil 2012 m\u00e4\u00e4ras piiskop <em>electus<\/em> dr Heigo Ritsbek EAKK Tallinna P\u00fcha Kolmainsuse koguduse loomise ning \u00fchtlasi ka Eesti Anglokatoliku Kiriku (EAKK) esitamise Eesti Vabariigi riiklikule kirikute registrile esitamiseks.<\/p>\n<p>1. juulil 2012 toimus EAKK esimene missa &#8211; Tallinna P\u00fcha Kolmainsuse koguduses. Osales ligi 20 inimest, missa viis l\u00e4bi koguduse rektor isa Heigo Ritsbek. Toimus ka EAKK esimene ristimine &#8211; ristiti Edward Albert R\u00fc\u00fctel. EAKK Tallinna P\u00fcha Kolmainsuse kogudus alustas regulaarsete iga p\u00fchap\u00e4evade missadega.<\/p>\n<p>15. juulil 2012 &#8211; esimese kolme liikmetunnistuse andmine EAKK Tallinna P\u00fcha Kolmainsuse koguduse missal.\u00a020. juulil 2012 m\u00e4\u00e4rati esimene\u00a0postulant EAKKs &#8211;\u00a0Raivo Kodanik.\u00a07. augustil\u00a02012 m\u00e4\u00e4ras piiskop <em>electus<\/em> dr Heigo Ritsbek, MA, MDiv, DMin, DD EAKK\u00a0 Rapla P\u00fcha Evangelist Markuse koguduse loomise.<\/p>\n<p>10. augustil 2012 kinnitas notarib\u00fcroo avaldused Eesti Anglokatoliku Kiriku (EAKK), EAKK Tallinna P\u00fcha Kolmainsuse kogududuse, EAKK Tartu P\u00fcha Evangelist Matteuse koguduse ja Rapla P\u00fcha Evangelist Markuse koguduse juriidiliseks rajamiseks Eesti Vabariigis.<\/p>\n<p>16. august 2012 &#8211; EAKK ametlik registreerimine Eesti Vabariigis registriameti poolt.<\/p>\n<p>25. august 2012 &#8211; Dr Heigo Ritsbeki piiskopiks p\u00fchitsemine Ugandas peapiiskop dr Kiiza S. Thomase poolt; Dr Heigo Ritsbek teenimas EAKK piiskopina.\u00a014. oktoobril 2012 toimus esmakordselt EAKK Tallinna P\u00fcha Kolmainsuse katedraalkoguduse lauldud missa koos organistiga (s\u00fcntesaatoril). T\u00e4nu Jumalale!<\/p>\n<p>18. novembril 2012 ordineeriti EAKK Tallinna P\u00fcha Kolmainsuse katedraalkoguduses\u00a0 p\u00fchal pontifikaalmissal\u00a0diakoniks Raivo Kodanik peapiiskop dr Heigo Ritsbeki poolt. See oli peapiiskop dr Heigo Ritsbeki esimene ordinatsioon piiskopina Eestis.<\/p>\n<p>5. mail 2013 p\u00fchitses peapiiskop dr Heigo Ritsbek diakon Raivo Kodaniku preestriks EAKK Tallinna P\u00fcha Kolmainsuse katedraalkoguduses.\u00a05. oktoobril 2013 toimus EAKK Rapla P\u00fcha Evangelist Markuse koguduse avamissa Atla m\u00f5isas. Teenis piiskop dr Heigo Ritsbek, kaasa teenis isa Raivo Kodanik.<\/p>\n<p>11. oktoobrist 2013 on EAKK Rapla P\u00fcha Evangelist Markuse koguduse vikaariks isa Raivo Kodanik.<\/p>\n<p>21. novembril 2015 p\u00fchitseti EAKK uueks piiskopiks isa dr Raivo Kodanik, DD.<\/p>\n<p>21. veebruaril 2016 \u00fchines EAKK \u00fclemaailmse Anglokatoliku Kirikuga, mille eesotsas on patriarh dr Heigo Ritsbek. Patriarh dr Heigo Ritsbek vastutab Anglokatoliku Kiriku \u00fclemaailmse t\u00f6\u00f6 eest, piiskop dr Raivo Kodanik juhib P\u00fchima Neitsi Maarja Jumalaema piiskopkonda (Eesti).<\/p>\n<p>3. aprillil 2016 toimus esimene missa endises P\u00fcha Katariina kiriku sakristeeriumis, mis on n\u00fc\u00fcd P\u00fchima Neitsi Maarja piiskopkonna Tallinna P\u00fcha Kolmainsuse koguduse kabeliks.<\/p>\n<p>14. veebruaril 2026.a. m\u00e4\u00e4rati piiskop dr Raivo Kodanik peapiiskopiks ning Anglokatoliku Kiriku Kogu Euroopa priimaseks.<\/p>\n<p>P\u00fchima Neitsi Maarja Jumalaema peapiiskopkond (Eesti) Kirik kuulub \u00fclemaailmsesse Anglokatoliku Kirikusse, mille eesotsas on patriarh dr Heigo Ritsbek, MA, MDiv, DMin, LittD, DD.<\/p>\n","protected":false},"excerpt":{"rendered":"<p>Eesti Anglokatoliku Kiriku (EAKK) ajalugu algas 2. maist 2012. See oli kiriku loomise p\u00e4ev.\u00a01. juunil 2012 m\u00e4\u00e4ras piiskop electus dr Heigo Ritsbek, MA, MDiv, DMin, DD\u00a0EAKK Tartu P\u00fcha Evangelist Matteuse koguduse loomise.\u00a012. juunil 2012 m\u00e4\u00e4ras piiskop electus dr Heigo Ritsbek &hellip; <a href=\"https:\/\/eakk.ee\/?page_id=193\">J\u00e4tka lugemist <span class=\"meta-nav\">&rarr;<\/span><\/a><\/p>\n","protected":false},"author":1,"featured_media":0,"parent":2,"menu_order":0,"comment_status":"open","ping_status":"open","template":"","meta":{"_exactmetrics_skip_tracking":false,"_exactmetrics_sitenote_active":false,"_exactmetrics_sitenote_note":"","_exactmetrics_sitenote_category":0,"footnotes":""},"class_list":["post-193","page","type-page","status-publish","hentry"],"_links":{"self":[{"href":"https:\/\/eakk.ee\/index.php?rest_route=\/wp\/v2\/pages\/193","targetHints":{"allow":["GET"]}}],"collection":[{"href":"https:\/\/eakk.ee\/index.php?rest_route=\/wp\/v2\/pages"}],"about":[{"href":"https:\/\/eakk.ee\/index.php?rest_route=\/wp\/v2\/types\/page"}],"author":[{"embeddable":true,"href":"https:\/\/eakk.ee\/index.php?rest_route=\/wp\/v2\/users\/1"}],"replies":[{"embeddable":true,"href":"https:\/\/eakk.ee\/index.php?rest_route=%2Fwp%2Fv2%2Fcomments&post=193"}],"version-history":[{"count":5,"href":"https:\/\/eakk.ee\/index.php?rest_route=\/wp\/v2\/pages\/193\/revisions"}],"predecessor-version":[{"id":10021,"href":"https:\/\/eakk.ee\/index.php?rest_route=\/wp\/v2\/pages\/193\/revisions\/10021"}],"up":[{"embeddable":true,"href":"https:\/\/eakk.ee\/index.php?rest_route=\/wp\/v2\/pages\/2"}],"wp:attachment":[{"href":"https:\/\/eakk.ee\/index.php?rest_route=%2Fwp%2Fv2%2Fmedia&parent=193"}],"curies":[{"name":"wp","href":"https:\/\/api.w.org\/{rel}","templated":true}]}}