{"id":1773,"date":"2014-12-24T17:11:34","date_gmt":"2014-12-24T17:11:34","guid":{"rendered":"https:\/\/eakk.ee\/?page_id=1773"},"modified":"2014-12-24T17:11:34","modified_gmt":"2014-12-24T17:11:34","slug":"jeesus-sundis-25-detsembril","status":"publish","type":"page","link":"https:\/\/eakk.ee\/?page_id=1773","title":{"rendered":"Jeesus s\u00fcndis 25. detsembril"},"content":{"rendered":"<p><strong>Millal Jeesus tegelikult s\u00fcndis?<\/strong><\/p>\n<p>Kas Jeesus s\u00fcndis ka tegelikult 25. detsembril? Sageli v\u00e4idetakse, et me peame j\u00f5ulu\u00adp\u00fcha valel p\u00e4eval. On v\u00e4idetud sedagi, et j\u00f5ulude t\u00e4histamine praegusel kuup\u00e4eval on m\u00e4rk paganlike m\u00f5jude tungimisest kirikusse. Roomlased pidasid nimelt 25. detsembril V\u00f5itmatu P\u00e4ikese p\u00fcha (natalis solis invictus), mille kristlased olevat selle teooria kohaselt asendanud Jeesuse s\u00fcndimise p\u00fchaga. Lunastaja olevat samastatud v\u00f5itmatu p\u00e4ikesega, et \u00fcritada paganaid p\u00f6\u00f6rata. Samas olevat hoopis paganlikud m\u00f5jud kirikusse tunginud ja seda kahjustanud. Seet\u00f5ttu on koguni n\u00f5utud j\u00f5ulude \u00fcle\u00adviimist v\u00f5i Jeesuse s\u00fcnni\u00adp\u00fcha t\u00e4histamisest loobumist. N\u00e4iteks Jehoova tunnistajad ei pea \u00fcldse j\u00f5ule.<\/p>\n<p><strong>J\u00f5ulud ei ole paganlik p\u00fcha<\/strong><\/p>\n<p>See teooria j\u00f5ulude p\u00e4ritolust on n\u00fc\u00fcdseks t\u00f5sise kahtluse alla seatud. V\u00f5itmatu P\u00e4ikese austamine oli Rooma \u00fchiskonnas \u00fcsna uus p\u00fcha. Alles aastal 274 pKr m\u00e4\u00e4ras keiser Aurelianus p\u00e4ikese\u00adkummardamise riiklikuks usundiks ja see ei levinud \u00fcldsegi k\u00f5ikjal riigis. V\u00f5imalik, et Jeesuse s\u00fcndimist t\u00e4histati 25. detsembril veel enne, kui see muudeti paganlikuks p\u00fchaks. M\u00f5ned on koguni v\u00e4itnud, et roomlased kehtestasid uue p\u00e4ikese\u00adp\u00fcha kasvava risti\u00adusu t\u00f5rjumiseks.<\/p>\n<p>P\u00f5hjendusi Jeesuse s\u00fcnnip\u00fcha t\u00e4histamisele 25. detsembril tuleb otsida mujalt kui rooma kalendrist.<\/p>\n<p>Juudi kalendri j\u00e4rgi oli niisanikuu 14. p\u00e4ev (25. m\u00e4rts) loomise ja paasa\u00adp\u00fcha p\u00e4ev. Kristlastele sai sellest Kristuse \u00fcles\u00adt\u00f5usmise ja uue maailma loomise p\u00e4ev. Traditsioonilise juudi m\u00f5tlemise kohaselt saavad jumala\u00admeestele antud eluaastad t\u00e4ielikuks n\u00f5nda, et nende eostamine ja surm langevad samale kuup\u00e4evale.<\/p>\n<p><strong>Elu algab ja l\u00f5peb samal kuup\u00e4eval<\/strong><\/p>\n<p>Selle p\u00f5hjal arvati, et Jeesuse eostamine peab olema aset leidnud 25. m\u00e4rtsil. Kiriku\u00adisa Sextus Julius Africanus (u 160\u2013240) kirjutabki, et loomise p\u00e4ev on sama kui Jeesuse eostamise p\u00e4ev. Nii\u00adsamuti pidas kiriku\u00adisa Johannes Kuldsuu (347\u2013407) 25. m\u00e4rtsi nii Lunastaja eostamise kui risti\u00adl\u00f6\u00f6mise p\u00e4evaks. Siit edasi lugedes tuleb v\u00e4lja, et Tema s\u00fcndimine leidis aset \u00fcheksa kuud hiljem ehk 25. detsembril.<\/p>\n<p>Kuldsuul leidub veel teinegi seletus j\u00f5ulude ajastusele. Selle kohaselt eostati Jeesuse eel\u00adk\u00e4ija Ristija Johannes ajal, mil tema isa Sakarias teenis Jeruusalemma templis (Lk 1:5\u201325). Kuldsuu j\u00e4rgi teenis Sakarias Suurel Lepitus\u00adp\u00e4eval (Jom Kippur), mis langes kokku s\u00fcgisese p\u00f6\u00f6ri\u00adp\u00e4evaga 25. septembril. Selle p\u00f5hjal s\u00fcndis Johannes niisiis 25. juunil [sic] ehk jaani\u00adp\u00e4eval. Piibel k\u00f5neleb, et Johannese ema Eliisabet oli kuuendat kuud lapse\u00adootel, kui Maarja sai inglilt ilmutuse, et temast saab Lunastaja ema. Ka nii lugedes saame Jeesuse s\u00fcnni\u00adajaks detsembri\u00adkuu 25. p\u00e4eva.<\/p>\n<p><strong>T\u00e4psest ajast on olulisem Jeesuse s\u00fcndimise t\u00e4hendus<\/strong><\/p>\n<p>Kuldsuu \u00fchendas omavahel Jeesuse s\u00fcndimise ja talvise p\u00f6\u00f6ri\u00adp\u00e4eva, mil p\u00e4ike hakkab taas \u201et\u00f5usma\u201c, kuid talle oli see pigem kokku\u00adsattumus, mis \u00fcksnes kinnitas, et tegemist on Jeesuse s\u00fcndimise \u00f5ige aja\u00adhetkega.<\/p>\n<p>Kristlastena ei ole me siiski seotud teatud kindlate p\u00e4evadega. Kui Jeesus ei olegi s\u00fcndinud 25. detsembril, ei k\u00f5iguta see mingil viisil meie usku. Meile on palju olulisem see, et Jumal on s\u00fcndinud inimesena, et p\u00e4\u00e4sta meid patu, surma ja kuradi k\u00e4est. Just seda me j\u00f5ulu\u00adp\u00fchadel t\u00e4histame.<\/p>\n<p>(Dr. Thomas Talley materjalidest t\u00f5lkinud ja kokku pannud praost Veiko Vihuri).<\/p>\n","protected":false},"excerpt":{"rendered":"<p>Millal Jeesus tegelikult s\u00fcndis? Kas Jeesus s\u00fcndis ka tegelikult 25. detsembril? Sageli v\u00e4idetakse, et me peame j\u00f5ulu\u00adp\u00fcha valel p\u00e4eval. On v\u00e4idetud sedagi, et j\u00f5ulude t\u00e4histamine praegusel kuup\u00e4eval on m\u00e4rk paganlike m\u00f5jude tungimisest kirikusse. Roomlased pidasid nimelt 25. detsembril V\u00f5itmatu P\u00e4ikese &hellip; <a href=\"https:\/\/eakk.ee\/?page_id=1773\">J\u00e4tka lugemist <span class=\"meta-nav\">&rarr;<\/span><\/a><\/p>\n","protected":false},"author":1,"featured_media":0,"parent":331,"menu_order":0,"comment_status":"open","ping_status":"open","template":"","meta":{"_exactmetrics_skip_tracking":false,"_exactmetrics_sitenote_active":false,"_exactmetrics_sitenote_note":"","_exactmetrics_sitenote_category":0,"footnotes":""},"class_list":["post-1773","page","type-page","status-publish","hentry"],"_links":{"self":[{"href":"https:\/\/eakk.ee\/index.php?rest_route=\/wp\/v2\/pages\/1773","targetHints":{"allow":["GET"]}}],"collection":[{"href":"https:\/\/eakk.ee\/index.php?rest_route=\/wp\/v2\/pages"}],"about":[{"href":"https:\/\/eakk.ee\/index.php?rest_route=\/wp\/v2\/types\/page"}],"author":[{"embeddable":true,"href":"https:\/\/eakk.ee\/index.php?rest_route=\/wp\/v2\/users\/1"}],"replies":[{"embeddable":true,"href":"https:\/\/eakk.ee\/index.php?rest_route=%2Fwp%2Fv2%2Fcomments&post=1773"}],"version-history":[{"count":1,"href":"https:\/\/eakk.ee\/index.php?rest_route=\/wp\/v2\/pages\/1773\/revisions"}],"predecessor-version":[{"id":1774,"href":"https:\/\/eakk.ee\/index.php?rest_route=\/wp\/v2\/pages\/1773\/revisions\/1774"}],"up":[{"embeddable":true,"href":"https:\/\/eakk.ee\/index.php?rest_route=\/wp\/v2\/pages\/331"}],"wp:attachment":[{"href":"https:\/\/eakk.ee\/index.php?rest_route=%2Fwp%2Fv2%2Fmedia&parent=1773"}],"curies":[{"name":"wp","href":"https:\/\/api.w.org\/{rel}","templated":true}]}}