{"id":1588,"date":"2014-08-24T19:25:16","date_gmt":"2014-08-24T19:25:16","guid":{"rendered":"https:\/\/eakk.ee\/?page_id=1588"},"modified":"2015-12-06T15:11:06","modified_gmt":"2015-12-06T15:11:06","slug":"jutlus-dr-ritsbeki-piiskopiks-puhitsemise-ii-aastapaeval-24-08-2013","status":"publish","type":"page","link":"https:\/\/eakk.ee\/?page_id=1588","title":{"rendered":"VIDEO: Jutlus dr Ritsbeki piiskopiks p\u00fchitsemise II aastap\u00e4eval 24.08.2014"},"content":{"rendered":"<p>24. augustil 2014 toimus Tallinna hotelli Metropol konverentsisaalis ponfikaalmissa t\u00e4histamaks priimas peapiiskopi dr Heigo Ritsbeki piiskopiks p\u00fchitsemise teist aastap\u00e4eva. Missal peetud jutlust saab kuulata siit:<\/p>\n<p><center><iframe loading=\"lazy\" src=\"http:\/\/www.youtube.com\/embed\/2d6C2wttkP4\" width=\"600\" height=\"337\" frameborder=\"0\" allowfullscreen=\"allowfullscreen\"><\/iframe><\/center><\/p>\n","protected":false},"excerpt":{"rendered":"<p>24. augustil 2014 toimus Tallinna hotelli Metropol konverentsisaalis ponfikaalmissa t\u00e4histamaks priimas peapiiskopi dr Heigo Ritsbeki piiskopiks p\u00fchitsemise teist aastap\u00e4eva. Missal peetud jutlust saab kuulata siit:<\/p>\n","protected":false},"author":1,"featured_media":0,"parent":309,"menu_order":0,"comment_status":"open","ping_status":"open","template":"","meta":{"_exactmetrics_skip_tracking":false,"_exactmetrics_sitenote_active":false,"_exactmetrics_sitenote_note":"","_exactmetrics_sitenote_category":0,"footnotes":""},"class_list":["post-1588","page","type-page","status-publish","hentry"],"_links":{"self":[{"href":"https:\/\/eakk.ee\/index.php?rest_route=\/wp\/v2\/pages\/1588","targetHints":{"allow":["GET"]}}],"collection":[{"href":"https:\/\/eakk.ee\/index.php?rest_route=\/wp\/v2\/pages"}],"about":[{"href":"https:\/\/eakk.ee\/index.php?rest_route=\/wp\/v2\/types\/page"}],"author":[{"embeddable":true,"href":"https:\/\/eakk.ee\/index.php?rest_route=\/wp\/v2\/users\/1"}],"replies":[{"embeddable":true,"href":"https:\/\/eakk.ee\/index.php?rest_route=%2Fwp%2Fv2%2Fcomments&post=1588"}],"version-history":[{"count":3,"href":"https:\/\/eakk.ee\/index.php?rest_route=\/wp\/v2\/pages\/1588\/revisions"}],"predecessor-version":[{"id":2284,"href":"https:\/\/eakk.ee\/index.php?rest_route=\/wp\/v2\/pages\/1588\/revisions\/2284"}],"up":[{"embeddable":true,"href":"https:\/\/eakk.ee\/index.php?rest_route=\/wp\/v2\/pages\/309"}],"wp:attachment":[{"href":"https:\/\/eakk.ee\/index.php?rest_route=%2Fwp%2Fv2%2Fmedia&parent=1588"}],"curies":[{"name":"wp","href":"https:\/\/api.w.org\/{rel}","templated":true}]}}