{"id":1488,"date":"2014-05-10T14:20:13","date_gmt":"2014-05-10T14:20:13","guid":{"rendered":"https:\/\/eakk.ee\/?page_id=1488"},"modified":"2015-12-06T15:05:19","modified_gmt":"2015-12-06T15:05:19","slug":"keskoomissa-jutlus","status":"publish","type":"page","link":"https:\/\/eakk.ee\/?page_id=1488","title":{"rendered":"VIDEO: Heigo Ritsbeki jutlus \u00fclest\u00f5usmisp\u00fchade kesk\u00f6\u00f6missal 19.04.2014"},"content":{"rendered":"<p>19. aprillil 2014 toimunud Eesti Anglokatoliku Kiriku kesk\u00f6\u00f6missa jutlust Saha P\u00fcha Nicolause kabelis on v\u00f5imalik vaadata siit:<\/p>\n<p><center><iframe loading=\"lazy\" src=\"http:\/\/www.youtube.com\/embed\/uSUCsv0zJXs\" width=\"600\" height=\"337\" frameborder=\"0\" allowfullscreen=\"allowfullscreen\"><\/iframe><\/center><\/p>\n","protected":false},"excerpt":{"rendered":"<p>19. aprillil 2014 toimunud Eesti Anglokatoliku Kiriku kesk\u00f6\u00f6missa jutlust Saha P\u00fcha Nicolause kabelis on v\u00f5imalik vaadata siit:<\/p>\n","protected":false},"author":1,"featured_media":0,"parent":309,"menu_order":0,"comment_status":"open","ping_status":"open","template":"","meta":{"_exactmetrics_skip_tracking":false,"_exactmetrics_sitenote_active":false,"_exactmetrics_sitenote_note":"","_exactmetrics_sitenote_category":0,"footnotes":""},"class_list":["post-1488","page","type-page","status-publish","hentry"],"_links":{"self":[{"href":"https:\/\/eakk.ee\/index.php?rest_route=\/wp\/v2\/pages\/1488","targetHints":{"allow":["GET"]}}],"collection":[{"href":"https:\/\/eakk.ee\/index.php?rest_route=\/wp\/v2\/pages"}],"about":[{"href":"https:\/\/eakk.ee\/index.php?rest_route=\/wp\/v2\/types\/page"}],"author":[{"embeddable":true,"href":"https:\/\/eakk.ee\/index.php?rest_route=\/wp\/v2\/users\/1"}],"replies":[{"embeddable":true,"href":"https:\/\/eakk.ee\/index.php?rest_route=%2Fwp%2Fv2%2Fcomments&post=1488"}],"version-history":[{"count":4,"href":"https:\/\/eakk.ee\/index.php?rest_route=\/wp\/v2\/pages\/1488\/revisions"}],"predecessor-version":[{"id":2276,"href":"https:\/\/eakk.ee\/index.php?rest_route=\/wp\/v2\/pages\/1488\/revisions\/2276"}],"up":[{"embeddable":true,"href":"https:\/\/eakk.ee\/index.php?rest_route=\/wp\/v2\/pages\/309"}],"wp:attachment":[{"href":"https:\/\/eakk.ee\/index.php?rest_route=%2Fwp%2Fv2%2Fmedia&parent=1488"}],"curies":[{"name":"wp","href":"https:\/\/api.w.org\/{rel}","templated":true}]}}