{"id":134,"date":"2012-06-25T08:47:25","date_gmt":"2012-06-25T08:47:25","guid":{"rendered":"https:\/\/eakk.ee\/?page_id=134"},"modified":"2026-04-20T12:48:32","modified_gmt":"2026-04-20T12:48:32","slug":"vaimulikud","status":"publish","type":"page","link":"https:\/\/eakk.ee\/?page_id=134","title":{"rendered":"Vaimulikud"},"content":{"rendered":"<p><strong>Tema Eminents peapiiskop dr Raivo Kodanik<\/strong><\/p>\n<p><img loading=\"lazy\" decoding=\"async\" class=\"alignnone  wp-image-3236\" src=\"https:\/\/eakk.ee\/wp-content\/uploads\/2012\/06\/isa-raivo-2016juuli.jpg\" alt=\"isa-raivo-2016juuli\" width=\"209\" height=\"262\" \/><\/p>\n<p>S\u00fcndinud 3. juunil 1976<\/p>\n<p>EELK Usuteaduse Instituut<br \/>\nP\u00fcha Kolmainsuse Anglokatoliku Vaimuliku Teenimise Kool<\/p>\n<p>Diakonip\u00fchitsus 18. novembril 2012 peapiiskop dr Heigo Ritsbeki poolt<br \/>\nPreestrip\u00fchitsus 5. mail 2013 peapiiskop dr Heigo Ritsbeki poolt<br \/>\nPiiskopip\u00fchitsus 21. novembril 2015 peapiiskop dr Heigo Ritsbeki poolt<\/p>\n<p>Kontakt: Tema Eminents peapiiskop dr Raivo Kodanik,<br \/>\nR\u00f5\u00f5mum\u00e4e talu,Kukevere k\u00fcla, J\u00e4rva vald, Estonia, 73512<br \/>\nemail isaraivo[\u00e4t]eakk.ee, telefon +372 56 229789<\/p>\n<p><strong>Preester\u00a0 Priit K\u00f5rge<\/strong><\/p>\n<p><img loading=\"lazy\" decoding=\"async\" class=\"alignnone  wp-image-8397\" src=\"https:\/\/eakk.ee\/wp-content\/uploads\/2024\/11\/20241124_151402-450x600.jpg\" alt=\"\" width=\"226\" height=\"301\" srcset=\"https:\/\/eakk.ee\/wp-content\/uploads\/2024\/11\/20241124_151402-450x600.jpg 450w, https:\/\/eakk.ee\/wp-content\/uploads\/2024\/11\/20241124_151402-768x1024.jpg 768w, https:\/\/eakk.ee\/wp-content\/uploads\/2024\/11\/20241124_151402-1152x1536.jpg 1152w, https:\/\/eakk.ee\/wp-content\/uploads\/2024\/11\/20241124_151402-1536x2048.jpg 1536w, https:\/\/eakk.ee\/wp-content\/uploads\/2024\/11\/20241124_151402-scaled.jpg 1920w\" sizes=\"auto, (max-width: 226px) 100vw, 226px\" \/><\/p>\n<p>P\u00fcha Kolmainsuse Anglokatoliku Vaimuliku Teenimise Kool<\/p>\n<p>Diakonip\u00fchitsus 9. novembril 2024 piiskop dr Raivo Kodanik poolt.<br \/>\nPreestrip\u00fchitsus 18. aprillil 2026 peapiiskop dr Raivo Kodanik poolt.<\/p>\n<p>Kontakt: priit.korge@gmail.com, telefon +37255670716<\/p>\n<p><strong>\u00a0Diakon<\/strong> <strong>Rene Klettenberg<\/strong><\/p>\n<p>Diakonip\u00fchitsus 18. aprillil 2026 peapiiskop dr Raivo Kodanik poolt.<\/p>\n<p>Kontakt: klettenbergrene@gmail.com, telefon +37256144400<\/p>\n","protected":false},"excerpt":{"rendered":"<p>Tema Eminents peapiiskop dr Raivo Kodanik S\u00fcndinud 3. juunil 1976 EELK Usuteaduse Instituut P\u00fcha Kolmainsuse Anglokatoliku Vaimuliku Teenimise Kool Diakonip\u00fchitsus 18. novembril 2012 peapiiskop dr Heigo Ritsbeki poolt Preestrip\u00fchitsus 5. mail 2013 peapiiskop dr Heigo Ritsbeki poolt Piiskopip\u00fchitsus 21. novembril &hellip; <a href=\"https:\/\/eakk.ee\/?page_id=134\">J\u00e4tka lugemist <span class=\"meta-nav\">&rarr;<\/span><\/a><\/p>\n","protected":false},"author":1,"featured_media":0,"parent":2,"menu_order":2,"comment_status":"open","ping_status":"open","template":"","meta":{"_exactmetrics_skip_tracking":false,"_exactmetrics_sitenote_active":false,"_exactmetrics_sitenote_note":"","_exactmetrics_sitenote_category":0,"footnotes":""},"class_list":["post-134","page","type-page","status-publish","hentry"],"_links":{"self":[{"href":"https:\/\/eakk.ee\/index.php?rest_route=\/wp\/v2\/pages\/134","targetHints":{"allow":["GET"]}}],"collection":[{"href":"https:\/\/eakk.ee\/index.php?rest_route=\/wp\/v2\/pages"}],"about":[{"href":"https:\/\/eakk.ee\/index.php?rest_route=\/wp\/v2\/types\/page"}],"author":[{"embeddable":true,"href":"https:\/\/eakk.ee\/index.php?rest_route=\/wp\/v2\/users\/1"}],"replies":[{"embeddable":true,"href":"https:\/\/eakk.ee\/index.php?rest_route=%2Fwp%2Fv2%2Fcomments&post=134"}],"version-history":[{"count":6,"href":"https:\/\/eakk.ee\/index.php?rest_route=\/wp\/v2\/pages\/134\/revisions"}],"predecessor-version":[{"id":10256,"href":"https:\/\/eakk.ee\/index.php?rest_route=\/wp\/v2\/pages\/134\/revisions\/10256"}],"up":[{"embeddable":true,"href":"https:\/\/eakk.ee\/index.php?rest_route=\/wp\/v2\/pages\/2"}],"wp:attachment":[{"href":"https:\/\/eakk.ee\/index.php?rest_route=%2Fwp%2Fv2%2Fmedia&parent=134"}],"curies":[{"name":"wp","href":"https:\/\/api.w.org\/{rel}","templated":true}]}}