{"id":132,"date":"2012-06-25T08:47:10","date_gmt":"2012-06-25T08:47:10","guid":{"rendered":"https:\/\/eakk.ee\/?page_id=132"},"modified":"2026-03-07T17:23:24","modified_gmt":"2026-03-07T17:23:24","slug":"kogudused","status":"publish","type":"page","link":"https:\/\/eakk.ee\/?page_id=132","title":{"rendered":"Kogudused"},"content":{"rendered":"<p><strong>Rapla\u00a0P\u00fcha Evangelist Markuse\u00a0Kogudus<\/strong><\/p>\n<p>Vikaar: peapiiskop dr Raivo Kodanik<\/p>\n<p>Kontakt: Tema Eminents peapiiskop dr Raivo Kodanik,<br \/>\nR\u00f5\u00f5mum\u00e4e talu,Kukevere k\u00fcla, J\u00e4rva vald, Estonia, 73512<br \/>\nemail isaraivo[\u00e4t]eakk.ee, telefon +372 56 229789<\/p>\n<p><strong>Tallinna P\u00fcha Kolmainsuse Kogudus<\/strong><\/p>\n<p>Missa p\u00fchap\u00e4eviti kell 12.00 Tallinnas Katariina kiriku sakristeeriumis (M\u00fc\u00fcrivahe 33)<\/p>\n<p>Rektor: peapiiskop dr Raivo Kodanik<\/p>\n<p>Kontakt: Tema Eminents peapiiskop dr Raivo Kodanik,<br \/>\nR\u00f5\u00f5mum\u00e4e talu,Kukevere k\u00fcla, J\u00e4rva vald, Estonia, 73512<br \/>\nemail isaraivo[\u00e4t]eakk.ee, telefon +372 56 229789<\/p>\n<p><strong>Tartu P\u00fcha Evangelist Matteuse Kogudus<\/strong><\/p>\n<p>Vikaar: peapiiskop dr Raivo Kodanik<\/p>\n<p>Kontakt: Tema Eminents peapiiskop dr Raivo Kodanik,<br \/>\nR\u00f5\u00f5mum\u00e4e talu,Kukevere k\u00fcla, J\u00e4rva vald, Estonia, 73512<br \/>\nemail isaraivo[\u00e4t]eakk.ee, telefon +372 56 229789<\/p>\n","protected":false},"excerpt":{"rendered":"<p>Rapla\u00a0P\u00fcha Evangelist Markuse\u00a0Kogudus Vikaar: peapiiskop dr Raivo Kodanik Kontakt: Tema Eminents peapiiskop dr Raivo Kodanik, R\u00f5\u00f5mum\u00e4e talu,Kukevere k\u00fcla, J\u00e4rva vald, Estonia, 73512 email isaraivo[\u00e4t]eakk.ee, telefon +372 56 229789 Tallinna P\u00fcha Kolmainsuse Kogudus Missa p\u00fchap\u00e4eviti kell 12.00 Tallinnas Katariina kiriku sakristeeriumis &hellip; <a href=\"https:\/\/eakk.ee\/?page_id=132\">J\u00e4tka lugemist <span class=\"meta-nav\">&rarr;<\/span><\/a><\/p>\n","protected":false},"author":1,"featured_media":0,"parent":2,"menu_order":0,"comment_status":"open","ping_status":"open","template":"","meta":{"_exactmetrics_skip_tracking":false,"_exactmetrics_sitenote_active":false,"_exactmetrics_sitenote_note":"","_exactmetrics_sitenote_category":0,"footnotes":""},"class_list":["post-132","page","type-page","status-publish","hentry"],"_links":{"self":[{"href":"https:\/\/eakk.ee\/index.php?rest_route=\/wp\/v2\/pages\/132","targetHints":{"allow":["GET"]}}],"collection":[{"href":"https:\/\/eakk.ee\/index.php?rest_route=\/wp\/v2\/pages"}],"about":[{"href":"https:\/\/eakk.ee\/index.php?rest_route=\/wp\/v2\/types\/page"}],"author":[{"embeddable":true,"href":"https:\/\/eakk.ee\/index.php?rest_route=\/wp\/v2\/users\/1"}],"replies":[{"embeddable":true,"href":"https:\/\/eakk.ee\/index.php?rest_route=%2Fwp%2Fv2%2Fcomments&post=132"}],"version-history":[{"count":5,"href":"https:\/\/eakk.ee\/index.php?rest_route=\/wp\/v2\/pages\/132\/revisions"}],"predecessor-version":[{"id":10024,"href":"https:\/\/eakk.ee\/index.php?rest_route=\/wp\/v2\/pages\/132\/revisions\/10024"}],"up":[{"embeddable":true,"href":"https:\/\/eakk.ee\/index.php?rest_route=\/wp\/v2\/pages\/2"}],"wp:attachment":[{"href":"https:\/\/eakk.ee\/index.php?rest_route=%2Fwp%2Fv2%2Fmedia&parent=132"}],"curies":[{"name":"wp","href":"https:\/\/api.w.org\/{rel}","templated":true}]}}